{"id":2807,"date":"2023-05-23T22:36:59","date_gmt":"2023-05-23T22:36:59","guid":{"rendered":"https:\/\/www.blanquita.com.co\/blanquita\/?page_id=2807"},"modified":"2026-03-17T15:22:16","modified_gmt":"2026-03-17T15:22:16","slug":"snacks","status":"publish","type":"page","link":"https:\/\/www.blanquita.com.co\/blanquita\/productos\/snacks\/","title":{"rendered":"SNACKS"},"content":{"rendered":"<section id=\"bt_section69dec38dab3df\" data-parallax=\"0\" data-parallax-offset=\"0\" class=\"boldSection gutter fullScreenHeight btMiddleVertical btParallax wBackground cover\" style=\"background-color:rgb(255,255,255);background-image:url('https:\/\/www.blanquita.com.co\/blanquita\/wp-content\/uploads\/2026\/03\/BANNER-SNACK.png');\"><div class=\"port\"><div class=\"boldCell\"><div class=\"boldCellInner\"><div class=\"boldRow \" ><div class=\"boldRowInner\"><div class=\"rowItem col-md-3 col-sm-6 col-ms-12 btTextLeft animate animate-fadein animate-moveright inherit\"  data-width=\"3\"><div class=\"rowItemContent\" ><\/div><\/div><div class=\"rowItem col-md-6 col-sm-12 btTextCenter animate animate-fadein inherit\"  data-width=\"6\"><div class=\"rowItemContent\" ><div class=\"btClear btSeparator topExtraSpaced noBorder\" ><hr><\/div><header class=\"header btClear medium btDash bottomDash\" ><\/header><div class=\"btClear btSeparator bottomSemiSpaced noBorder\" ><hr><\/div><\/div><\/div><div class=\"rowItem col-md-3 col-sm-6 col-ms-12 btTextRight animate animate-fadein animate-moveleft btBottomVertical\" style=\"z-index: 1;\" data-width=\"3\"><div class=\"rowItemContent\" ><\/div><\/div><\/div><\/div><div class=\"boldRow \" ><div class=\"boldRowInner\"><div class=\"rowItem col-md-12 col-ms-12  btTextCenter btMiddleVertical\"  data-width=\"12\"><div class=\"rowItemContent\" ><div class=\"bpgPhoto \" ><div class = \"btImage\"><img decoding=\"async\" src=\"\" alt=\"\" title=\"SNACKS\"><\/div><\/div><a href=\"#\" class=\"btBtn btBtn btnFilledStyle btnAccentColor btnMedium btnNormalWidth btnRightPosition btnIco\" ><span class=\"btIco \"><span  data-ico-fa=\"&#xf078;\" class=\"btIcoHolder\"><\/span><\/span><\/a><div class=\"btClear btSeparator bottomExtraSpaced noBorder\" ><hr><\/div><\/div><\/div><\/div><\/div><\/div><\/div><\/div><\/section><section id=\"bt_section69dec38dab689\"  class=\"boldSection inherit\" ><div class=\"port\"><div class=\"boldCell\"><div class=\"boldCellInner\"><div class=\"boldRow \" ><div class=\"boldRowInner\"><div class=\"rowItem col-md-4 col-ms-12 btTextCenter btMiddleVertical btDoublePadding\"  data-width=\"4\"><div class=\"rowItemContent\" ><\/div><\/div><div class=\"rowItem col-md-4 col-ms-12 btTextCenter btMiddleVertical\"  data-width=\"4\"><div class=\"rowItemContent\" ><div class=\"btClear btSeparator bottomSpaced noBorder\" ><hr><\/div><header class=\"header btClear large\" ><div class=\"dash\"><h2><span class=\"headline\">Snacks reales, Ingredientes reales, Sabor Incre\u00edble<\/span><\/h2><\/div><div class=\"btSubTitle\">Hechos con arroz, Horneados y sin gluten\r<br>\r<br>El nuevo favorito de toda la casa<\/div><\/header><div class=\"btClear btSeparator bottomSpaced noBorder\" ><hr><\/div><\/div><\/div><div class=\"rowItem col-md-4 col-ms-12 btTextLeft\"  data-width=\"4\"><div class=\"rowItemContent\" ><\/div><\/div><\/div><\/div><div class=\"boldRow \" ><div class=\"boldRowInner\"><div class=\"rowItem col-md-6 col-sm-12 btTextLeft\"  data-width=\"6\"><div class=\"rowItemContent\" ><div class=\"bpgPhoto \" ><div class = \"btImage\"><img decoding=\"async\" src=\"https:\/\/www.blanquita.com.co\/blanquita\/wp-content\/uploads\/2026\/03\/Churrasco.png\" alt=\"\" title=\"Churrasco\"><\/div><\/div><\/div><\/div><div class=\"rowItem col-md-6 col-sm-12 btTextLeft inherit btDoublePadding\"  data-width=\"6\"><div class=\"rowItemContent\" ><header class=\"header btClear huge\" ><div class=\"dash\"><h1><span class=\"headline\"><b class=\"animate\">Sabor a\r<br>Churrasco<\/b><\/span><\/h1><\/div><\/header><div class=\"btClear btSeparator bottomExtraSmallSpaced noBorder\" ><hr><\/div><header class=\"header btClear large\" ><div class=\"dash\"><\/div><div class=\"btSubTitle\">L\u00e1minas crocantes de arroz 100% colombiano con un intenso sabor a churrasco. Horneadas, con aceite de oliva y naturalmente libres de gluten, son el snack perfecto para disfrutar en cualquier momento: ligero, pr\u00e1ctico y lleno de sabor.\r<br>\r<br>Ideas de uso\r<br>* Solos, directo del empaque\r<br>* Con dips como guacamole, hummus o queso crema\r<br>* Como crunch para ensaladas\r<br>* Para acompa\u00f1ar at\u00fan, pollo o carnes fr\u00edas\r<br>* En loncheras o picadas\r<br>\r<br>Un antojo crujiente, sabroso y f\u00e1cil de llevar a todas partes.<\/div><\/header><div class=\"btClear btSeparator bottomExtraSmallSpaced noBorder\" ><hr><\/div><div class=\"servicesItem  btIcoDefaultColorIcon btIcoBigSizeIcon \"><div class=\"sIcon\"><span class=\"btIco btIcoBigSize btIcoDefaultType btIcoDefaultColor\"><span  data-ico-=\"&#038;#x;\" class=\"btIcoHolder\"><\/span><\/span><\/div><\/div><div class=\"btClear btSeparator bottomSemiSpaced noBorder\" ><hr><\/div><\/div><\/div><\/div><\/div><\/div><\/div><\/div><\/section><section id=\"bt_section69dec38dabc06\"  class=\"boldSection inherit\" ><div class=\"port\"><div class=\"boldCell\"><div class=\"boldCellInner\"><div class=\"boldRow \" ><div class=\"boldRowInner\"><div class=\"rowItem col-md-4 col-ms-12 btTextCenter btMiddleVertical btDoublePadding\"  data-width=\"4\"><div class=\"rowItemContent\" ><\/div><\/div><div class=\"rowItem col-md-4 col-ms-12 btTextCenter btMiddleVertical\"  data-width=\"4\"><div class=\"rowItemContent\" ><div class=\"btClear btSeparator bottomSpaced noBorder\" ><hr><\/div><div class=\"btClear btSeparator bottomSpaced noBorder\" ><hr><\/div><\/div><\/div><div class=\"rowItem col-md-4 col-ms-12 btTextLeft\"  data-width=\"4\"><div class=\"rowItemContent\" ><\/div><\/div><\/div><\/div><div class=\"boldRow \" ><div class=\"boldRowInner\"><div class=\"rowItem col-md-6 col-sm-12 btTextLeft inherit btDoublePadding\"  data-width=\"6\"><div class=\"rowItemContent\" ><header class=\"header btClear huge\" ><div class=\"dash\"><h1><span class=\"headline\"><b class=\"animate\">Sabor a\r<br>Lima Lim\u00f3n Pimienta<\/b><\/span><\/h1><\/div><\/header><div class=\"btClear btSeparator bottomExtraSmallSpaced noBorder\" ><hr><\/div><header class=\"header btClear large\" ><div class=\"dash\"><\/div><div class=\"btSubTitle\">Crujientes extruidos de arroz 100% colombiano con un refrescante sabor a lima, lim\u00f3n y un toque de pimienta. Horneados, con aceite de oliva y naturalmente libres de gluten, son un snack ligero, vibrante y lleno de sabor.\r<br>\r<br>Ideas de uso\r<br>* Solos, para un antojo fresco y crujiente\r<br>* Con guacamole o dips c\u00edtricos\r<br>* Como topping para ensaladas\r<br>* Para acompa\u00f1ar pollo, at\u00fan o mariscos\r<br>* Perfectos para loncheras y picadas\r<br>\r<br>Un toque \u00e1cido y especiado que despierta cualquier momento.<\/div><\/header><div class=\"btClear btSeparator bottomExtraSmallSpaced noBorder\" ><hr><\/div><div class=\"servicesItem  btIcoDefaultColorIcon btIcoBigSizeIcon \"><div class=\"sIcon\"><span class=\"btIco btIcoBigSize btIcoDefaultType btIcoDefaultColor\"><span  data-ico-=\"&#038;#x;\" class=\"btIcoHolder\"><\/span><\/span><\/div><\/div><div class=\"btClear btSeparator bottomSemiSpaced noBorder\" ><hr><\/div><\/div><\/div><div class=\"rowItem col-md-6 col-sm-12 btTextRight inherit\"  data-width=\"6\"><div class=\"rowItemContent\" ><div class=\"bpgPhoto \" ><div class = \"btImage\"><img decoding=\"async\" src=\"https:\/\/www.blanquita.com.co\/blanquita\/wp-content\/uploads\/2026\/03\/Rice-snack-limon.png\" alt=\"\" title=\"Rice snack limon\"><\/div><\/div><\/div><\/div><\/div><\/div><\/div><\/div><\/div><\/section><section id=\"bt_section69dec38dac02f\"  class=\"boldSection inherit\" ><div class=\"port\"><div class=\"boldCell\"><div class=\"boldCellInner\"><div class=\"boldRow \" ><div class=\"boldRowInner\"><div class=\"rowItem col-md-4 col-ms-12 btTextCenter btMiddleVertical btDoublePadding\"  data-width=\"4\"><div class=\"rowItemContent\" ><\/div><\/div><div class=\"rowItem col-md-4 col-ms-12 btTextCenter btMiddleVertical\"  data-width=\"4\"><div class=\"rowItemContent\" ><div class=\"btClear btSeparator bottomSpaced noBorder\" ><hr><\/div><div class=\"btClear btSeparator bottomSpaced noBorder\" ><hr><\/div><\/div><\/div><div class=\"rowItem col-md-4 col-ms-12 btTextLeft\"  data-width=\"4\"><div class=\"rowItemContent\" ><\/div><\/div><\/div><\/div><div class=\"boldRow \" ><div class=\"boldRowInner\"><div class=\"rowItem col-md-6 col-sm-12 btTextLeft\"  data-width=\"6\"><div class=\"rowItemContent\" ><div class=\"bpgPhoto \" ><div class = \"btImage\"><img decoding=\"async\" src=\"https:\/\/www.blanquita.com.co\/blanquita\/wp-content\/uploads\/2026\/03\/Queso.png\" alt=\"\" title=\"Queso\"><\/div><\/div><\/div><\/div><div class=\"rowItem col-md-6 col-sm-12 btTextLeft inherit btDoublePadding\"  data-width=\"6\"><div class=\"rowItemContent\" ><header class=\"header btClear huge\" ><div class=\"dash\"><h1><span class=\"headline\"><b class=\"animate\">Sabor a\r<br>Queso Cheddar<\/b><\/span><\/h1><\/div><\/header><div class=\"btClear btSeparator bottomExtraSmallSpaced noBorder\" ><hr><\/div><header class=\"header btClear large\" ><div class=\"dash\"><\/div><div class=\"btSubTitle\">Crujientes extruidos de arroz 100% colombiano con el inconfundible sabor a queso cheddar. Horneados, con aceite de oliva y naturalmente libres de gluten, son un snack ligero, delicioso y perfecto para cualquier momento.\r<br>\r<br>Ideas de uso\r<br>* Solos, para un antojo irresistible\r<br>* Con dips cremosos o de queso\r<br>* Como topping crocante para sopas o ensaladas\r<br>* Para acompa\u00f1ar jam\u00f3n, pollo o at\u00fan\r<br>* Ideales para loncheras y picadas\r<br>\r<br>Todo el sabor del cheddar en un crunch ligero y pr\u00e1ctico.<\/div><\/header><div class=\"btClear btSeparator bottomExtraSmallSpaced noBorder\" ><hr><\/div><div class=\"servicesItem  btIcoDefaultColorIcon btIcoBigSizeIcon \"><div class=\"sIcon\"><span class=\"btIco btIcoBigSize btIcoDefaultType btIcoDefaultColor\"><span  data-ico-=\"&#038;#x;\" class=\"btIcoHolder\"><\/span><\/span><\/div><\/div><div class=\"btClear btSeparator bottomSemiSpaced noBorder\" ><hr><\/div><\/div><\/div><\/div><\/div><\/div><\/div><\/div><\/section><section id=\"bt_section69dec38dac3c5\"  class=\"boldSection gutter\" ><div class=\"port\"><div class=\"boldCell\"><div class=\"boldCellInner\"><\/div><\/div><\/div><\/section><\/li>\r\n<\/ul>\r\n<\/li>\r\n<\/ul>\r\n<\/li>\r\n<\/ul>","protected":false},"excerpt":{"rendered":"","protected":false},"author":2,"featured_media":0,"parent":926,"menu_order":0,"comment_status":"closed","ping_status":"closed","template":"","meta":{"footnotes":""},"class_list":["post-2807","page","type-page","status-publish","hentry"],"_links":{"self":[{"href":"https:\/\/www.blanquita.com.co\/blanquita\/wp-json\/wp\/v2\/pages\/2807","targetHints":{"allow":["GET"]}}],"collection":[{"href":"https:\/\/www.blanquita.com.co\/blanquita\/wp-json\/wp\/v2\/pages"}],"about":[{"href":"https:\/\/www.blanquita.com.co\/blanquita\/wp-json\/wp\/v2\/types\/page"}],"author":[{"embeddable":true,"href":"https:\/\/www.blanquita.com.co\/blanquita\/wp-json\/wp\/v2\/users\/2"}],"replies":[{"embeddable":true,"href":"https:\/\/www.blanquita.com.co\/blanquita\/wp-json\/wp\/v2\/comments?post=2807"}],"version-history":[{"count":69,"href":"https:\/\/www.blanquita.com.co\/blanquita\/wp-json\/wp\/v2\/pages\/2807\/revisions"}],"predecessor-version":[{"id":4108,"href":"https:\/\/www.blanquita.com.co\/blanquita\/wp-json\/wp\/v2\/pages\/2807\/revisions\/4108"}],"up":[{"embeddable":true,"href":"https:\/\/www.blanquita.com.co\/blanquita\/wp-json\/wp\/v2\/pages\/926"}],"wp:attachment":[{"href":"https:\/\/www.blanquita.com.co\/blanquita\/wp-json\/wp\/v2\/media?parent=2807"}],"curies":[{"name":"wp","href":"https:\/\/api.w.org\/{rel}","templated":true}]}}