{"id":3543,"date":"2023-06-29T16:35:46","date_gmt":"2023-06-29T16:35:46","guid":{"rendered":"https:\/\/www.blanquita.com.co\/blanquita\/?page_id=3543"},"modified":"2025-11-19T23:40:31","modified_gmt":"2025-11-19T23:40:31","slug":"arroz-organico","status":"publish","type":"page","link":"https:\/\/www.blanquita.com.co\/blanquita\/productos\/arroz-organico\/","title":{"rendered":"Arroz Org\u00e1nico"},"content":{"rendered":"<section id=\"bt_section69ded8f0137f6\" data-parallax=\"0.7\" data-parallax-offset=\"0\" class=\"boldSection topSemiSpaced btDarkSkin btMiddleVertical btParallax wBackground cover\" style=\"background-color:rgb(255,255,255);background-image:url('https:\/\/www.blanquita.com.co\/blanquita\/wp-content\/uploads\/2023\/05\/cover-product.jpg');\"><div class=\"port\"><div class=\"boldCell\"><div class=\"boldCellInner\"><div class=\"boldRow \" ><div class=\"boldRowInner\"><div class=\"rowItem col-md-6 col-sm-12 btTextRight animate animate-fadein animate-moveright inherit\"  data-width=\"6\"><div class=\"rowItemContent\" ><div class=\"bpgPhoto \" ><div class = \"btImage\"><img decoding=\"async\" src=\"https:\/\/www.blanquita.com.co\/blanquita\/wp-content\/uploads\/2025\/11\/blanquita-1-kg-_Organico.png\" alt=\"\" title=\"blanquita 1 kg _Organico\"><\/div><\/div><\/div><\/div><div class=\"rowItem col-md-6 col-sm-12 btTextCenter animate animate-fadein inherit\"  data-width=\"6\"><div class=\"rowItemContent\" ><div class=\"btClear btSeparator bottomExtraSmallSpaced noBorder\" ><hr><\/div><div class=\"bpgPhoto \" ><div class = \"btImage\"><img decoding=\"async\" src=\"https:\/\/www.blanquita.com.co\/blanquita\/wp-content\/uploads\/2023\/06\/organico-rice-640x629.png\" alt=\"\" title=\"organico-rice\"><\/div><\/div><\/div><\/div><\/div><\/div><div class=\"boldRow \" ><div class=\"boldRowInner\"><div class=\"rowItem col-md-12 col-ms-12  btTextLeft\"  data-width=\"12\"><div class=\"rowItemContent\" ><div class=\"bpgPhoto \" ><div class = \"btImage\"><img decoding=\"async\" src=\"https:\/\/www.blanquita.com.co\/blanquita\/wp-content\/uploads\/2016\/10\/white_divider_bottom.png\" alt=\"\" title=\"white_divider_bottom\"><\/div><\/div><\/div><\/div><\/div><\/div><\/div><\/div><\/div><\/section><section id=\"bt_section69ded8f013e18\"  class=\"boldSection topSpaced bottomSpaced gutter inherit\" ><div class=\"port\"><div class=\"boldCell\"><div class=\"boldCellInner\"><div class=\"boldRow \" ><div class=\"boldRowInner\"><div class=\"rowItem col-md-12 col-ms-12  btTextCenter inherit\"  data-width=\"12\"><div class=\"rowItemContent\" ><div class=\"btIconImageRow\" ><div class=\"bpgPhoto \" ><div class = \"btImage\"><img decoding=\"async\" src=\"https:\/\/www.blanquita.com.co\/blanquita\/wp-content\/uploads\/2023\/06\/alimento-biologico.png\" alt=\"\" title=\"alimento-biologico\"><\/div><\/div><\/div><\/div><\/div><\/div><\/div><div class=\"boldRow \" ><div class=\"boldRowInner\"><div class=\"rowItem col-md-6 col-sm-12 btTextLeft\"  data-width=\"6\"><div class=\"rowItemContent\" ><div class=\"bpgPhoto \" ><div class = \"btImage\"><img decoding=\"async\" src=\"https:\/\/www.blanquita.com.co\/blanquita\/wp-content\/uploads\/2023\/06\/cup-rice-organico.jpg\" alt=\"\" title=\"cup-rice-organico\"><\/div><\/div><\/div><\/div><div class=\"rowItem col-md-6 col-sm-12 btTextLeft\"  data-width=\"6\"><div class=\"rowItemContent\" ><div class=\"btClear btSeparator bottomSemiSpaced noBorder\" ><hr><\/div><header class=\"header btClear extralarge\" ><div class=\"dash\"><h1><span class=\"headline\"> <b class=\"animate\">1er arroz org\u00e1nico\r<br>en Colombia y Latinoam\u00e9rica<\/b><\/span><\/h1><\/div><\/header><div class=\"btClear btSeparator bottomSemiSpaced noBorder\" ><hr><\/div><header class=\"header btClear medium\" ><div class=\"dash\"><h3><span class=\"headline\">Arroz Blanquita Org\u00e1nico nace en las tierras de comunidades ancestrales de Colombia con el objetivo de ofrecer al mercado un producto amigable con el medio ambiente desde sus procesos de siembra, cultivo y cosecha, logrando tener un arroz 100% natural gracias a sus procesos de producci\u00f3n libres del uso de agroqu\u00edmicos.\r<br>\r<br>Gracias a la apropiaci\u00f3n de los procesos naturales y nuestro compromiso y responsabilidad con el medio ambiente y el comercio justo, logramos obtener certificaciones como ECOCERT.<\/span><\/h3><\/div><\/header><div class=\"btClear btSeparator bottomSemiSpaced noBorder\" ><hr><\/div><a href=\"https:\/\/www.ecocert.com\/fr\/home\" class=\"btBtn btBtn btnOutlineStyle btnAccentColor btnSmall btnNormalWidth btnRightPosition btnNoIcon\" ><span class=\"btnInnerText\">CONOCE M\u00c1S<\/span><\/a><\/div><\/div><\/div><\/div><\/div><\/div><\/div><\/section><section id=\"bt_section69ded8f01444e\" data-parallax=\".2\" data-parallax-offset=\"0\" class=\"boldSection topSemiSpaced bottomSemiSpaced gutter inherit btParallax wBackground cover btBackgroundOverlay btSolidDarkBackground\" style=\"background-image:url('https:\/\/www.blanquita.com.co\/blanquita\/wp-content\/uploads\/2023\/06\/organico-aves.jpg');\"><div class=\"port\"><div class=\"boldCell\"><div class=\"boldCellInner\"><div class=\"boldRow \" ><div class=\"boldRowInner\"><div class=\"rowItem col-md-6 col-sm-12 btTextLeft inherit btDoublePadding\"  data-width=\"6\"><div class=\"rowItemContent\" ><div class=\"btText\" ><h2 style=\"color: #ffffff;\">Arroz amigo de las aves<\/h2>\n<\/div><div class=\"btText\" ><ul style=\"color: #ffffff;\">\n<li><span style=\"font-weight: 400;\">Los cultivos de Arroz Blanquita Org\u00e1nico se integran a los ecosistemas naturales, protegiendo con sus t\u00e9cnicas de cultivo org\u00e1nico desde los m\u00e1s peque\u00f1os microorganismos, hasta los insectos que sirven de alimento a millones de p\u00e1jaros que sobrevuelan nuestros cultivos; logrando as\u00ed un entorno ideal para las cientos de especies que visitan nuestros campos cada d\u00eda.<\/span><\/li>\n<\/ul>\n<\/div><a href=\"https:\/\/www.ecocert.com\/fr\/home\" class=\"btBtn btBtn btnOutlineStyle btnAlternateColor btnSmall btnNormalWidth btnRightPosition btnNoIcon\" ><span class=\"btnInnerText\">CONOCE M\u00c1S<\/span><\/a><\/div><\/div><div class=\"rowItem col-md-6 col-sm-12 btTextLeft\"  data-width=\"6\"><div class=\"rowItemContent\" ><\/div><\/div><\/div><\/div><\/div><\/div><\/div><\/section><section id=\"bt_section69ded8f014755\"  class=\"boldSection topSpaced bottomSpaced gutter inherit\" ><div class=\"port\"><div class=\"boldCell\"><div class=\"boldCellInner\"><div class=\"boldRow \" ><div class=\"boldRowInner\"><div class=\"rowItem col-md-12 col-ms-12  btTextCenter inherit\"  data-width=\"12\"><div class=\"rowItemContent\" ><header class=\"header btClear large btDash bottomDash\" ><div class=\"dash\"><h2><span class=\"headline\"> <b class=\"animate\">NUESTROS PRINCIPIOS <\/b><\/span><\/h2><\/div><\/header><div class=\"btClear btSeparator bottomSemiSpaced noBorder\" ><hr><\/div><\/div><\/div><\/div><\/div><div class=\"boldRow \" ><div class=\"boldRowInner\"><div class=\"rowItem col-md-4 col-ms-12 btTextCenter inherit\"  data-width=\"4\"><div class=\"rowItemContent\" ><header class=\"header btClear medium btDash bottomDash\" ><div class=\"dash\"><h3><span class=\"headline\">Amamos<\/span><\/h3><\/div><div class=\"btSubTitle\">cuidamos y preservamos la tierra, por encima de cualquier inter\u00e9s comercial.<\/div><\/header><\/div><\/div><div class=\"rowItem col-md-4 col-ms-12 btTextCenter inherit\"  data-width=\"4\"><div class=\"rowItemContent\" ><header class=\"header btClear medium btDash bottomDash\" ><div class=\"dash\"><h3><span class=\"headline\">CREEMOS<\/span><\/h3><\/div><div class=\"btSubTitle\">en el desarrollo de las comunidades que trabajan con nosotros.<\/div><\/header><\/div><\/div><div class=\"rowItem col-md-4 col-ms-12 btTextCenter inherit\"  data-width=\"4\"><div class=\"rowItemContent\" ><header class=\"header btClear medium btDash bottomDash\" ><div class=\"dash\"><h3><span class=\"headline\">PROMOVEMOS<\/span><\/h3><\/div><div class=\"btSubTitle\">La agricultura org\u00e1nica como un medio para cuidar la naturaleza y el ser humano.<\/div><\/header><\/div><\/div><\/div><\/div><div class=\"boldRow \" ><div class=\"boldRowInner\"><div class=\"rowItem col-md-12 col-ms-12  btTextLeft\"  data-width=\"12\"><div class=\"rowItemContent\" ><div class=\"btClear btSeparator bottomSemiSpaced noBorder\" ><hr><\/div><\/div><\/div><\/div><\/div><div class=\"boldRow \" ><div class=\"boldRowInner\"><div class=\"rowItem col-md-3 col-sm-6 col-ms-12 btTextCenter inherit\"  data-width=\"3\"><div class=\"rowItemContent\" ><header class=\"header btClear medium btDash bottomDash\" ><div class=\"dash\"><h3><span class=\"headline\">PROVEEMOS<\/span><\/h3><\/div><div class=\"btSubTitle\">condiciones laborales dignas a nuestros colaboradores.<\/div><\/header><\/div><\/div><div class=\"rowItem col-md-3 col-sm-6 col-ms-12 btTextCenter inherit\"  data-width=\"3\"><div class=\"rowItemContent\" ><header class=\"header btClear medium btDash bottomDash\" ><div class=\"dash\"><h3><span class=\"headline\">GARANTIZAMOS<\/span><\/h3><\/div><div class=\"btSubTitle\">la libre asociaci\u00f3n y expresi\u00f3n.<\/div><\/header><\/div><\/div><div class=\"rowItem col-md-3 col-sm-6 col-ms-12 btTextCenter inherit\"  data-width=\"3\"><div class=\"rowItemContent\" ><header class=\"header btClear medium btDash bottomDash\" ><div class=\"dash\"><h3><span class=\"headline\">QUEREMOS<\/span><\/h3><\/div><div class=\"btSubTitle\">a nuestros cultivadores.<\/div><\/header><\/div><\/div><div class=\"rowItem col-md-3 col-sm-6 col-ms-12 btTextCenter inherit\"  data-width=\"3\"><div class=\"rowItemContent\" ><header class=\"header btClear medium btDash bottomDash\" ><div class=\"dash\"><h3><span class=\"headline\">RECHAZAMOS\r<br><\/span><\/h3><\/div><div class=\"btSubTitle\">la explotaci\u00f3n infantil.<\/div><\/header><\/div><\/div><\/div><\/div><\/div><\/div><\/div><\/section><section id=\"bt_section69ded8f014be6\"  class=\"boldSection topSemiSpaced bottomSemiSpaced gutter inherit wBackground cover\" style=\"background-image:url('https:\/\/www.blanquita.com.co\/blanquita\/wp-content\/uploads\/2023\/06\/organico_recipe.jpg');\"><div class=\"port\"><div class=\"boldCell\"><div class=\"boldCellInner\"><div class=\"boldRow \" ><div class=\"boldRowInner\"><div class=\"rowItem col-md-6 col-sm-12 btTextLeft inherit btDoublePadding\"  data-width=\"6\"><div class=\"rowItemContent\" ><div class=\"btText\" ><h2 style=\"color: #ffffff;\">Preparaci\u00f3n<\/h2>\n<\/div><div class=\"btText\" ><ul style=\"color: #ffffff;\">\n<li><span style=\"font-weight: 400;\">Agrega una taza de Arroz Blanquita Org\u00e1nico con dos tazas de agua.<\/span><span style=\"font-weight: 400;\">Adiciona una cucharadita de sal y dos de aceite.<\/span><span style=\"font-weight: 400;\">Cocina hasta secar.<\/span>\n<p><span style=\"font-weight: 400;\">T\u00e1palo y d\u00e9jalo a fuego lento hasta que el arroz abra.<\/span><\/li>\n<\/ul>\n<\/div><\/div><\/div><div class=\"rowItem col-md-6 col-sm-12 btTextLeft\"  data-width=\"6\"><div class=\"rowItemContent\" ><\/div><\/div><\/div><\/div><\/div><\/div><\/div><\/section><section id=\"bt_section69ded8f014d36\"  class=\"boldSection bottomLargeSpaced inherit\" style=\"background-color:#f9f7f2;\"><div class=\"port\"><div class=\"boldCell\"><div class=\"boldCellInner\"><div class=\"boldRow \" ><div class=\"boldRowInner\"><div class=\"rowItem col-md-3 col-sm-6 col-ms-12 btTextLeft\"  data-width=\"3\"><div class=\"rowItemContent\" ><\/div><\/div><div class=\"rowItem col-md-6 col-sm-12 btTextCenter animate animate-fadein inherit\"  data-width=\"6\"><div class=\"rowItemContent\" ><div class=\"btClear btSeparator bottomSpaced noBorder\" ><hr><\/div><header class=\"header btClear large btDash bottomDash\" ><div class=\"dash\"><h2><span class=\"headline\"><b class=\"animate\">M\u00c1S PRODUCTOS<\/b><\/span><\/h2><\/div><\/header><\/div><\/div><div class=\"rowItem col-md-3 col-sm-6 col-ms-12 btTextLeft\"  data-width=\"3\"><div class=\"rowItemContent\" ><\/div><\/div><\/div><\/div><div class=\"boldRow \" ><div class=\"boldRowInner\"><div class=\"rowItem col-md-12 col-ms-12  btTextCenter inherit\"  data-width=\"12\"><div class=\"rowItemContent\" ><div class=\"slided autoSliderHeight\"  data-simple_arrows=\"no\"><div class=\"slidedItem firstItem\"  data-thumb=\"\"><div class=\"btSliderPort wBackground cover\" style=\"background-image: url('')\"><div class=\"btSliderCell\" data-slick=\"yes\"><div class=\"btSlideGutter\"><div class=\"btSlidePane\"><div class=\"btIconImageRow btIconsNormalPosition\" ><div class=\"bpgPhoto \" > \r\n\t\t\t\t\t<a href=\"https:\/\/www.blanquita.com.co\/blanquita\/arroz-clasico\/\" target=\"_self\" title=\"Arroz-Blanco\"><\/a>\r\n\t\t\t\t\t<div class=\"boldPhotoBox\"><div class=\"bpbItem\"><div class = \"btImage\"><img decoding=\"async\" src=\"https:\/\/www.blanquita.com.co\/blanquita\/wp-content\/uploads\/2023\/06\/Arroz-Blanco.png\" alt=\"\" title=\"Arroz-Blanco\"><\/div><\/div><\/div>\r\n\t\t\t\t\t<div class=\"captionPane btDarkSkin btTextCenter\">\r\n\t\t\t\t\t\t<div class=\"captionTable\">\r\n\t\t\t\t\t\t\t<div class=\"captionCell\">\r\n\t\t\t\t\t\t\t\t<div class=\"captionTxt\"><header class=\"header btClear extrasmall\" ><div class=\"dash\"><h4><span class=\"headline\">Arroz-Blanco<\/span><\/h4><\/div><\/header><\/div>\r\n\t\t\t\t\t\t\t<\/div>\r\n\t\t\t\t\t\t<\/div>\r\n\t\t\t\t\t<\/div><\/div><div class=\"bpgPhoto \" > \r\n\t\t\t\t\t<a href=\"https:\/\/www.blanquita.com.co\/blanquita\/productos\/oryza\/\" target=\"_self\" title=\"Oriza-Premium\"><\/a>\r\n\t\t\t\t\t<div class=\"boldPhotoBox\"><div class=\"bpbItem\"><div class = \"btImage\"><img decoding=\"async\" src=\"https:\/\/www.blanquita.com.co\/blanquita\/wp-content\/uploads\/2023\/06\/Oriza-Premium.png\" alt=\"\" title=\"Oriza-Premium\"><\/div><\/div><\/div>\r\n\t\t\t\t\t<div class=\"captionPane btDarkSkin btTextCenter\">\r\n\t\t\t\t\t\t<div class=\"captionTable\">\r\n\t\t\t\t\t\t\t<div class=\"captionCell\">\r\n\t\t\t\t\t\t\t\t<div class=\"captionTxt\"><header class=\"header btClear extrasmall\" ><div class=\"dash\"><h4><span class=\"headline\">Oriza-Premium<\/span><\/h4><\/div><\/header><\/div>\r\n\t\t\t\t\t\t\t<\/div>\r\n\t\t\t\t\t\t<\/div>\r\n\t\t\t\t\t<\/div><\/div><div class=\"bpgPhoto \" > \r\n\t\t\t\t\t<a href=\"https:\/\/www.blanquita.com.co\/blanquita\/productos\/arroz-integral\/\" target=\"_self\" title=\"arroz-integral-1\"><\/a>\r\n\t\t\t\t\t<div class=\"boldPhotoBox\"><div class=\"bpbItem\"><div class = \"btImage\"><img decoding=\"async\" src=\"https:\/\/www.blanquita.com.co\/blanquita\/wp-content\/uploads\/2023\/06\/arroz-integral-1.png\" alt=\"\" title=\"arroz-integral-1\"><\/div><\/div><\/div>\r\n\t\t\t\t\t<div class=\"captionPane btDarkSkin btTextCenter\">\r\n\t\t\t\t\t\t<div class=\"captionTable\">\r\n\t\t\t\t\t\t\t<div class=\"captionCell\">\r\n\t\t\t\t\t\t\t\t<div class=\"captionTxt\"><header class=\"header btClear extrasmall\" ><div class=\"dash\"><h4><span class=\"headline\">arroz-integral-1<\/span><\/h4><\/div><\/header><\/div>\r\n\t\t\t\t\t\t\t<\/div>\r\n\t\t\t\t\t\t<\/div>\r\n\t\t\t\t\t<\/div><\/div><\/div><\/div><\/div><\/div><\/div><\/div><div class=\"slidedItem firstItem\"  data-thumb=\"\"><div class=\"btSliderPort wBackground cover\" style=\"background-image: url('')\"><div class=\"btSliderCell\" data-slick=\"yes\"><div class=\"btSlideGutter\"><div class=\"btSlidePane\"><div class=\"btIconImageRow btIconsNormalPosition\" ><div class=\"bpgPhoto \" > \r\n\t\t\t\t\t<a href=\"https:\/\/www.blanquita.com.co\/blanquita\/productos\/arroz-premium\/\" target=\"_self\" title=\"Arroz-Premium\"><\/a>\r\n\t\t\t\t\t<div class=\"boldPhotoBox\"><div class=\"bpbItem\"><div class = \"btImage\"><img decoding=\"async\" src=\"https:\/\/www.blanquita.com.co\/blanquita\/wp-content\/uploads\/2023\/06\/Arroz-Premium-1.png\" alt=\"\" title=\"Arroz-Premium\"><\/div><\/div><\/div>\r\n\t\t\t\t\t<div class=\"captionPane btDarkSkin btTextCenter\">\r\n\t\t\t\t\t\t<div class=\"captionTable\">\r\n\t\t\t\t\t\t\t<div class=\"captionCell\">\r\n\t\t\t\t\t\t\t\t<div class=\"captionTxt\"><header class=\"header btClear extrasmall\" ><div class=\"dash\"><h4><span class=\"headline\">Arroz-Premium<\/span><\/h4><\/div><\/header><\/div>\r\n\t\t\t\t\t\t\t<\/div>\r\n\t\t\t\t\t\t<\/div>\r\n\t\t\t\t\t<\/div><\/div><div class=\"bpgPhoto \" ><div class = \"btImage\"><img decoding=\"async\" src=\"https:\/\/www.blanquita.com.co\/blanquita\/wp-content\/uploads\/2023\/05\/clasico_quinoa.png\" alt=\"\" title=\"clasico_quinoa\"><\/div><\/div><div class=\"bpgPhoto \" ><div class = \"btImage\"><img decoding=\"async\" src=\"https:\/\/www.blanquita.com.co\/blanquita\/wp-content\/uploads\/2023\/05\/integral_quinoa.png\" alt=\"\" title=\"integral_quinoa\"><\/div><\/div><\/div><\/div><\/div><\/div><\/div><\/div><\/div><\/div><\/div><\/div><\/div><\/div><\/div><\/div><\/section>","protected":false},"excerpt":{"rendered":"","protected":false},"author":2,"featured_media":0,"parent":926,"menu_order":0,"comment_status":"closed","ping_status":"closed","template":"","meta":{"footnotes":""},"class_list":["post-3543","page","type-page","status-publish","hentry"],"_links":{"self":[{"href":"https:\/\/www.blanquita.com.co\/blanquita\/wp-json\/wp\/v2\/pages\/3543","targetHints":{"allow":["GET"]}}],"collection":[{"href":"https:\/\/www.blanquita.com.co\/blanquita\/wp-json\/wp\/v2\/pages"}],"about":[{"href":"https:\/\/www.blanquita.com.co\/blanquita\/wp-json\/wp\/v2\/types\/page"}],"author":[{"embeddable":true,"href":"https:\/\/www.blanquita.com.co\/blanquita\/wp-json\/wp\/v2\/users\/2"}],"replies":[{"embeddable":true,"href":"https:\/\/www.blanquita.com.co\/blanquita\/wp-json\/wp\/v2\/comments?post=3543"}],"version-history":[{"count":10,"href":"https:\/\/www.blanquita.com.co\/blanquita\/wp-json\/wp\/v2\/pages\/3543\/revisions"}],"predecessor-version":[{"id":3995,"href":"https:\/\/www.blanquita.com.co\/blanquita\/wp-json\/wp\/v2\/pages\/3543\/revisions\/3995"}],"up":[{"embeddable":true,"href":"https:\/\/www.blanquita.com.co\/blanquita\/wp-json\/wp\/v2\/pages\/926"}],"wp:attachment":[{"href":"https:\/\/www.blanquita.com.co\/blanquita\/wp-json\/wp\/v2\/media?parent=3543"}],"curies":[{"name":"wp","href":"https:\/\/api.w.org\/{rel}","templated":true}]}}