{"id":3617,"date":"2023-07-12T16:20:49","date_gmt":"2023-07-12T16:20:49","guid":{"rendered":"https:\/\/www.blanquita.com.co\/blanquita\/?page_id=3617"},"modified":"2023-07-12T16:27:06","modified_gmt":"2023-07-12T16:27:06","slug":"nuestra-esencia","status":"publish","type":"page","link":"https:\/\/www.blanquita.com.co\/blanquita\/sostenibilidad\/nuestra-esencia\/","title":{"rendered":"Nuestra esencia"},"content":{"rendered":"<section id=\"bt_section69eb2ad0a10d0\"  class=\"boldSection topSemiSpaced gutter inherit\" ><div class=\"port\"><div class=\"boldCell\"><div class=\"boldCellInner\"><div class=\"boldRow \" ><div class=\"boldRowInner\"><div class=\"rowItem col-md-12 col-ms-12  btTextCenter inherit\"  data-width=\"12\"><div class=\"rowItemContent\" ><div class=\"bpgPhoto \" ><div class = \"btImage\"><img decoding=\"async\" src=\"https:\/\/www.blanquita.com.co\/blanquita\/wp-content\/uploads\/2023\/07\/nuestra-esencia-banner.png\" alt=\"\" title=\"nuestra-esencia-banner\"><\/div><\/div><div class=\"btClear btSeparator bottomSemiSpaced noBorder\" ><hr><\/div><header class=\"header btClear medium\" ><div class=\"dash\"><h3><span class=\"headline\">El mayor precio para el agricultor, <b class=\"animate\">y la mejor calidad para el consumidor<\/b><\/span><\/h3><\/div><\/header><div class=\"btClear btSeparator bottomSemiSpaced noBorder\" ><hr><\/div><a href=\"https:\/\/youtu.be\/eppzpLFrwB8\" class=\"btBtn btBtn btnOutlineStyle btnAccentColor btnMedium btnNormalWidth btnRightPosition btnIco\"  target=\"_blank\"><span class=\"btnInnerText\">Conoce m\u00e1s<\/span><span class=\"btIco \"><span  data-ico-s7=\"&#xe604;\" class=\"btIcoHolder\"><\/span><\/span><\/a><\/div><\/div><\/div><\/div><\/div><\/div><\/div><\/section><section id=\"bt_section69eb2ad0a1820\"  class=\"boldSection topSpaced gutter inherit\" ><div class=\"port\"><div class=\"boldCell\"><div class=\"boldCellInner\"><div class=\"boldRow \" ><div class=\"boldRowInner\"><div class=\"rowItem col-md-4 col-ms-12 btTextLeft inherit btNoPadding\"  data-width=\"4\"><div class=\"rowItemContent\" ><div class=\"bpgPhoto \" ><div class = \"btImage\"><img decoding=\"async\" src=\"https:\/\/www.blanquita.com.co\/blanquita\/wp-content\/uploads\/2023\/07\/apostamos-proovedores-sostenibles.png\" alt=\"\" title=\"apostamos-proovedores-sostenibles\"><\/div><\/div><div class=\"btClear btSeparator bottomSmallSpaced noBorder\" ><hr><\/div><\/div><\/div><div class=\"rowItem col-md-8 col-ms-12 btTextLeft\"  data-width=\"8\"><div class=\"rowItemContent\" ><div class=\"btClear btSeparator bottomSmallSpaced noBorder\" ><hr><\/div><header class=\"header btClear extralarge\" ><div class=\"dash\"><h1><span class=\"headline\"><b class=\"animate\">Le apostamos a\r<br>proveedores sostenibles<\/b><\/span><\/h1><\/div><\/header><div class=\"btClear btSeparator bottomSmallSpaced noBorder\" ><hr><\/div><header class=\"header btClear small\" ><div class=\"dash\"><h4><span class=\"headline\">La norma For Life establece que se debe pagar 15% m\u00e1s a los agricultores org\u00e1nicos.\r<br>\r<br>Sin embargo, en nuestro deseo de apoyar a los agricultores y promover e incentivar el cultivo org\u00e1nico,\r<br>en Blanquita aumentamos el pago a los agricultores:<\/span><\/h4><\/div><\/header><div class=\"btClear btSeparator bottomSemiSpaced noBorder\" ><hr><\/div><div class=\"boldRow \" ><div class=\"boldRowInner\"><div class=\"rowItem rowInnerItem col-sm-4  btTextCenter inherit animate animate-fadein animate-moveup\"  ><div class=\"rowItemContent\"><header class=\"header btClear small\" ><div class=\"dash\"><h4><span class=\"headline\"><b class=\"animate\">Org\u00e1nicos<\/b><\/span><\/h4><\/div><\/header><div class=\"btClear btSeparator bottomSmallSpaced noBorder\" ><hr><\/div><div class=\"bpgPhoto \" ><div class = \"btImage\"><img decoding=\"async\" src=\"https:\/\/www.blanquita.com.co\/blanquita\/wp-content\/uploads\/2023\/07\/50-organico.png\" alt=\"\" title=\"50-organico\"><\/div><\/div><div class=\"btClear btSeparator bottomSmallSpaced noBorder\" ><hr><\/div><\/div><\/div><div class=\"rowItem rowInnerItem col-sm-4  btTextCenter inherit animate animate-fadein animate-moveup\"  ><div class=\"rowItemContent\"><header class=\"header btClear small\" ><div class=\"dash\"><h4><span class=\"headline\"><b class=\"animate\">En conversi\u00f3n<\/b><\/span><\/h4><\/div><\/header><div class=\"btClear btSeparator bottomSmallSpaced noBorder\" ><hr><\/div><div class=\"bpgPhoto \" ><div class = \"btImage\"><img decoding=\"async\" src=\"https:\/\/www.blanquita.com.co\/blanquita\/wp-content\/uploads\/2023\/07\/10-porciento-conversion.png\" alt=\"\" title=\"10-porciento-conversion\"><\/div><\/div><div class=\"btClear btSeparator bottomSmallSpaced noBorder\" ><hr><\/div><\/div><\/div><div class=\"rowItem rowInnerItem col-sm-4  btTextCenter inherit animate animate-fadein animate-moveup\"  ><div class=\"rowItemContent\"><header class=\"header btClear small\" ><div class=\"dash\"><h4><span class=\"headline\"><b class=\"animate\"> Tradicionales<\/b>\r<br>que usan semilla especial<\/span><\/h4><\/div><\/header><div class=\"btClear btSeparator bottomSmallSpaced noBorder\" ><hr><\/div><div class=\"bpgPhoto \" ><div class = \"btImage\"><img decoding=\"async\" src=\"https:\/\/www.blanquita.com.co\/blanquita\/wp-content\/uploads\/2023\/07\/10-porciento-conversion.png\" alt=\"\" title=\"10-porciento-conversion\"><\/div><\/div><div class=\"btClear btSeparator bottomSmallSpaced noBorder\" ><hr><\/div><\/div><\/div><\/div><\/div><div class=\"btClear btSeparator bottomSemiSpaced noBorder\" ><hr><\/div><\/div><\/div><\/div><\/div><div class=\"boldRow \" ><div class=\"boldRowInner\"><div class=\"rowItem col-md-4 col-ms-12 btTextLeft\"  data-width=\"4\"><div class=\"rowItemContent\" ><\/div><\/div><div class=\"rowItem col-md-8 col-ms-12 btTextCenter inherit\"  data-width=\"8\"><div class=\"rowItemContent\" ><header class=\"header btClear small btDash bottomDash\" ><div class=\"dash\"><h4><span class=\"headline\">Apoyamos a quienes traen su arroz desde m\u00e1s lejos que el promedio.<\/span><\/h4><\/div><\/header><div class=\"btClear btSeparator bottomSmallSpaced noBorder\" ><hr><\/div><header class=\"header btClear small btDash bottomDash\" ><div class=\"dash\"><h4><span class=\"headline\">Ayudamos a mejorar la calidad de vida de los agricultores gracias a la remuneraci\u00f3n justa y oportuna.<\/span><\/h4><\/div><\/header><div class=\"btClear btSeparator bottomSmallSpaced noBorder\" ><hr><\/div><div class=\"boldRow \" ><div class=\"boldRowInner\"><div class=\"rowItem rowInnerItem col-sm-6  btTextCenter inherit\"  ><div class=\"rowItemContent\"><div class=\"bpgPhoto btSimpleHover\" > \r\n\t\t\t\t\t<a href=\"https:\/\/youtu.be\/OwTFG6sjXN\" target=\"_blank\" title=\"jose-jarvi-proveedor-arroz\"><\/a>\r\n\t\t\t\t\t<div class=\"boldPhotoBox\"><div class=\"bpbItem\"><div class = \"btImage\"><img decoding=\"async\" src=\"https:\/\/www.blanquita.com.co\/blanquita\/wp-content\/uploads\/2023\/07\/jose-jarvi-proveedor-arroz.png\" alt=\"\" title=\"jose-jarvi-proveedor-arroz\"><\/div><\/div><\/div>\r\n\t\t\t\t\t<div class=\"captionPane btDarkSkin btTextCenter\">\r\n\t\t\t\t\t\t<div class=\"captionTable\">\r\n\t\t\t\t\t\t\t<div class=\"captionCell\">\r\n\t\t\t\t\t\t\t\t<div class=\"captionTxt\"><header class=\"header btClear extrasmall\" ><div class=\"dash\"><h4><span class=\"headline\">jose-jarvi-proveedor-arroz<\/span><\/h4><\/div><\/header><\/div>\r\n\t\t\t\t\t\t\t<\/div>\r\n\t\t\t\t\t\t<\/div>\r\n\t\t\t\t\t<\/div><\/div><\/div><\/div><div class=\"rowItem rowInnerItem col-sm-6  btTextCenter inherit\"  ><div class=\"rowItemContent\"><div class=\"bpgPhoto btSimpleHover\" > \r\n\t\t\t\t\t<a href=\"https:\/\/www.blanquita.com.co\/blanquita\/wp-content\/uploads\/2023\/06\/Politica-Proveedor-Arroz-Paddy-y-Porveedores-Comerciales.pdf\" target=\"_blank\" title=\"nuestra-politica-proveedor-arroz\"><\/a>\r\n\t\t\t\t\t<div class=\"boldPhotoBox\"><div class=\"bpbItem\"><div class = \"btImage\"><img decoding=\"async\" src=\"https:\/\/www.blanquita.com.co\/blanquita\/wp-content\/uploads\/2023\/07\/nuestra-politica-proveedor-arroz.png\" alt=\"\" title=\"nuestra-politica-proveedor-arroz\"><\/div><\/div><\/div>\r\n\t\t\t\t\t<div class=\"captionPane btDarkSkin btTextCenter\">\r\n\t\t\t\t\t\t<div class=\"captionTable\">\r\n\t\t\t\t\t\t\t<div class=\"captionCell\">\r\n\t\t\t\t\t\t\t\t<div class=\"captionTxt\"><header class=\"header btClear extrasmall\" ><div class=\"dash\"><h4><span class=\"headline\">nuestra-politica-proveedor-arroz<\/span><\/h4><\/div><\/header><\/div>\r\n\t\t\t\t\t\t\t<\/div>\r\n\t\t\t\t\t\t<\/div>\r\n\t\t\t\t\t<\/div><\/div><\/div><\/div><\/div><\/div><\/div><\/div><\/div><\/div><\/div><\/div><\/div><\/section><section id=\"bt_section69eb2ad0a2dc6\"  class=\"boldSection topSpaced gutter inherit\" ><div class=\"port\"><div class=\"boldCell\"><div class=\"boldCellInner\"><div class=\"boldRow \" ><div class=\"boldRowInner\"><div class=\"rowItem col-md-12 col-ms-12  btTextCenter inherit\"  data-width=\"12\"><div class=\"rowItemContent\" ><header class=\"header btClear extralarge\" ><div class=\"dash\"><h1><span class=\"headline\"> <b class=\"animate\">MEJORAMOS LA CALIDAD DE VIDA<\/b><\/span><\/h1><\/div><\/header><div class=\"btClear btSeparator bottomSemiSpaced noBorder\" ><hr><\/div><header class=\"header btClear medium\" ><div class=\"dash\"><h3><span class=\"headline\">En Blanquita buscamos ser un apoyo para nuestros agricultores y colaboradores por eso, solo en <\/span><\/h3><\/div><\/header><header class=\"header btClear large\" ><div class=\"dash\"><h2><span class=\"headline\"><b class=\"animate\">2020 invertimos:<\/b><\/span><\/h2><\/div><\/header><div class=\"btClear btSeparator bottomSemiSpaced noBorder\" ><hr><\/div><\/div><\/div><\/div><\/div><div class=\"boldRow \" ><div class=\"boldRowInner\"><div class=\"rowItem col-md-4 col-ms-12 btTextCenter animate animate-fadein animate-moveup inherit\"  data-width=\"4\"><div class=\"rowItemContent\" ><div class=\"bpgPhoto \" ><div class = \"btImage\"><img decoding=\"async\" src=\"https:\/\/www.blanquita.com.co\/blanquita\/wp-content\/uploads\/2023\/07\/icon-prestamos-empleados.png\" alt=\"\" title=\"icon-prestamos-empleados\"><\/div><\/div><div class=\"btClear btSeparator bottomSemiSpaced noBorder\" ><hr><\/div><header class=\"header btClear large\" ><div class=\"dash\"><h2><span class=\"headline\"><b class=\"animate\">$1.580.657.348<\/b><\/span><\/h2><\/div><\/header><div class=\"btClear btSeparator bottomExtraSmallSpaced noBorder\" ><hr><\/div><header class=\"header btClear medium\" ><div class=\"dash\"><h3><span class=\"headline\">en pr\u00e9stamos\r<br>a empleados<\/span><\/h3><\/div><\/header><\/div><\/div><div class=\"rowItem col-md-4 col-ms-12 btTextCenter animate animate-fadein animate-moveup inherit\"  data-width=\"4\"><div class=\"rowItemContent\" ><div class=\"bpgPhoto \" ><div class = \"btImage\"><img decoding=\"async\" src=\"https:\/\/www.blanquita.com.co\/blanquita\/wp-content\/uploads\/2023\/07\/icono-auxilios-educativos.png\" alt=\"\" title=\"icono-auxilios-educativos\"><\/div><\/div><div class=\"btClear btSeparator bottomSemiSpaced noBorder\" ><hr><\/div><header class=\"header btClear large\" ><div class=\"dash\"><h2><span class=\"headline\"><b class=\"animate\">$24.338.787<\/b><\/span><\/h2><\/div><\/header><header class=\"header btClear medium\" ><div class=\"dash\"><h3><span class=\"headline\">en auxilios educativos<\/span><\/h3><\/div><\/header><\/div><\/div><div class=\"rowItem col-md-4 col-ms-12 btTextCenter animate animate-fadein animate-moveup inherit\"  data-width=\"4\"><div class=\"rowItemContent\" ><div class=\"bpgPhoto \" ><div class = \"btImage\"><img decoding=\"async\" src=\"https:\/\/www.blanquita.com.co\/blanquita\/wp-content\/uploads\/2023\/07\/icono-anticipo-proveedores.png\" alt=\"\" title=\"icono-anticipo-proveedores\"><\/div><\/div><div class=\"btClear btSeparator bottomSemiSpaced noBorder\" ><hr><\/div><header class=\"header btClear large\" ><div class=\"dash\"><h2><span class=\"headline\"><b class=\"animate\">$25.274.935.310<\/b><\/span><\/h2><\/div><\/header><header class=\"header btClear medium\" ><div class=\"dash\"><h3><span class=\"headline\">en anticipo a proveedores<\/span><\/h3><\/div><\/header><\/div><\/div><\/div><\/div><div class=\"boldRow \" ><div class=\"boldRowInner\"><div class=\"rowItem col-md-6 col-sm-12 btTextCenter animate animate-fadein inherit\"  data-width=\"6\"><div class=\"rowItemContent\" ><div class=\"btClear btSeparator bottomSemiSpaced noBorder\" ><hr><\/div><div class=\"bpgPhoto btSimpleHover\" > \r\n\t\t\t\t\t<a href=\"https:\/\/www.blanquita.com.co\/blanquita\/wp-content\/uploads\/2023\/06\/Inversion-Social.pdf\" target=\"_blank\" title=\"boton-conoce-nuestro-apoyo\"><\/a>\r\n\t\t\t\t\t<div class=\"boldPhotoBox\"><div class=\"bpbItem\"><div class = \"btImage\"><img decoding=\"async\" src=\"https:\/\/www.blanquita.com.co\/blanquita\/wp-content\/uploads\/2023\/07\/boton-conoce-nuestro-apoyo.png\" alt=\"\" title=\"boton-conoce-nuestro-apoyo\"><\/div><\/div><\/div>\r\n\t\t\t\t\t<div class=\"captionPane btDarkSkin btTextCenter\">\r\n\t\t\t\t\t\t<div class=\"captionTable\">\r\n\t\t\t\t\t\t\t<div class=\"captionCell\">\r\n\t\t\t\t\t\t\t\t<div class=\"captionTxt\"><header class=\"header btClear extrasmall\" ><div class=\"dash\"><h4><span class=\"headline\">boton-conoce-nuestro-apoyo<\/span><\/h4><\/div><\/header><\/div>\r\n\t\t\t\t\t\t\t<\/div>\r\n\t\t\t\t\t\t<\/div>\r\n\t\t\t\t\t<\/div><\/div><div class=\"btClear btSeparator bottomSemiSpaced noBorder\" ><hr><\/div><\/div><\/div><div class=\"rowItem col-md-6 col-sm-12 btTextCenter animate animate-fadein inherit\"  data-width=\"6\"><div class=\"rowItemContent\" ><div class=\"btClear btSeparator bottomSemiSpaced noBorder\" ><hr><\/div><div class=\"bpgPhoto btSimpleHover\" > \r\n\t\t\t\t\t<a href=\"https:\/\/www.blanquita.com.co\/blanquita\/wp-content\/uploads\/2023\/06\/Politica-De-Financiacion.pdf\" target=\"_blank\" title=\"boton-politica-financiacion\"><\/a>\r\n\t\t\t\t\t<div class=\"boldPhotoBox\"><div class=\"bpbItem\"><div class = \"btImage\"><img decoding=\"async\" src=\"https:\/\/www.blanquita.com.co\/blanquita\/wp-content\/uploads\/2023\/07\/boton-politica-financiacion.png\" alt=\"\" title=\"boton-politica-financiacion\"><\/div><\/div><\/div>\r\n\t\t\t\t\t<div class=\"captionPane btDarkSkin btTextCenter\">\r\n\t\t\t\t\t\t<div class=\"captionTable\">\r\n\t\t\t\t\t\t\t<div class=\"captionCell\">\r\n\t\t\t\t\t\t\t\t<div class=\"captionTxt\"><header class=\"header btClear extrasmall\" ><div class=\"dash\"><h4><span class=\"headline\">boton-politica-financiacion<\/span><\/h4><\/div><\/header><\/div>\r\n\t\t\t\t\t\t\t<\/div>\r\n\t\t\t\t\t\t<\/div>\r\n\t\t\t\t\t<\/div><\/div><div class=\"btClear btSeparator bottomSemiSpaced noBorder\" ><hr><\/div><\/div><\/div><\/div><\/div><\/div><\/div><\/div><\/section><section id=\"bt_section69eb2ad0a380b\"  class=\"boldSection gutter\" ><div class=\"port\"><div class=\"boldCell\"><div class=\"boldCellInner\"><div class=\"boldRow \" ><div class=\"boldRowInner\"><div class=\"rowItem col-md-12 col-ms-12  btTextCenter inherit\"  data-width=\"12\"><div class=\"rowItemContent\" ><header class=\"header btClear extralarge\" ><div class=\"dash\"><h1><span class=\"headline\"> <b class=\"animate\">MEJORAMOS LAS CONDICIONES LABORALES<\/b><\/span><\/h1><\/div><\/header><div class=\"btClear btSeparator bottomSemiSpaced noBorder\" ><hr><\/div><div class=\"bpgPhoto \" ><div class = \"btImage\"><img decoding=\"async\" src=\"https:\/\/www.blanquita.com.co\/blanquita\/wp-content\/uploads\/2023\/07\/banner-condiciones-laborales.jpg\" alt=\"\" title=\"banner-condiciones-laborales\"><\/div><\/div><div class=\"btClear btSeparator bottomSemiSpaced noBorder\" ><hr><\/div><\/div><\/div><\/div><\/div><div class=\"boldRow \" ><div class=\"boldRowInner\"><div class=\"rowItem btRightBorder col-md-6 col-sm-12 btTextLeft inherit\"  data-width=\"6\"><div class=\"rowItemContent\" ><div class=\"btClear btSeparator bottomSemiSpaced noBorder\" ><hr><\/div><div class=\"bpgPhoto btSimpleHover\" > \r\n\t\t\t\t\t<a href=\"https:\/\/www.blanquita.com.co\/blanquita\/wp-content\/uploads\/2023\/06\/Resultados-Calificacion-de-Estandares-Minimos.pdf\" target=\"_blank\" title=\"boton-resultados-sistema-gestion-seguridad\"><\/a>\r\n\t\t\t\t\t<div class=\"boldPhotoBox\"><div class=\"bpbItem\"><div class = \"btImage\"><img decoding=\"async\" src=\"https:\/\/www.blanquita.com.co\/blanquita\/wp-content\/uploads\/2023\/07\/boton-resultados-sistema-gestion-seguridad.png\" alt=\"\" title=\"boton-resultados-sistema-gestion-seguridad\"><\/div><\/div><\/div>\r\n\t\t\t\t\t<div class=\"captionPane btDarkSkin btTextCenter\">\r\n\t\t\t\t\t\t<div class=\"captionTable\">\r\n\t\t\t\t\t\t\t<div class=\"captionCell\">\r\n\t\t\t\t\t\t\t\t<div class=\"captionTxt\"><header class=\"header btClear extrasmall\" ><div class=\"dash\"><h4><span class=\"headline\">boton-resultados-sistema-gestion-seguridad<\/span><\/h4><\/div><\/header><\/div>\r\n\t\t\t\t\t\t\t<\/div>\r\n\t\t\t\t\t\t<\/div>\r\n\t\t\t\t\t<\/div><\/div><div class=\"btClear btSeparator bottomSemiSpaced noBorder\" ><hr><\/div><\/div><\/div><div class=\"rowItem col-md-6 col-sm-12 btTextCenter inherit\"  data-width=\"6\"><div class=\"rowItemContent\" ><div class=\"btClear btSeparator bottomSemiSpaced noBorder\" ><hr><\/div><header class=\"header btClear medium\" ><div class=\"dash\"><h3><span class=\"headline\">CAPACITAMOS A NUESTROS COLABORADORES\r<br><b class=\"animate\">7.757 HORAS DE CAPACITACI\u00d3N 2021<\/b><\/span><\/h3><\/div><\/header><div class=\"btClear btSeparator bottomSemiSpaced noBorder\" ><hr><\/div><div class=\"boldRow \" ><div class=\"boldRowInner\"><div class=\"rowItem rowInnerItem col-sm-6  btTextCenter inherit\"  ><div class=\"rowItemContent\"><a href=\"https:\/\/www.blanquita.com.co\/blanquita\/wp-content\/uploads\/2023\/06\/Capacitaciones-2021.png\" class=\"btBtn btBtn btnOutlineStyle btnAccentColor btnSmall btnNormalWidth btnRightPosition btnNoIcon\"  target=\"_blank\"><span class=\"btnInnerText\">2021<\/span><\/a><\/div><\/div><div class=\"rowItem rowInnerItem col-sm-6  btTextCenter inherit\"  ><div class=\"rowItemContent\"><a href=\"https:\/\/www.blanquita.com.co\/blanquita\/wp-content\/uploads\/2023\/06\/Capacitaciones-2022.png\" class=\"btBtn btBtn btnOutlineStyle btnAccentColor btnSmall btnNormalWidth btnRightPosition btnNoIcon\"  target=\"_blank\"><span class=\"btnInnerText\">2022<\/span><\/a><\/div><\/div><\/div><\/div><div class=\"btClear btSeparator bottomSemiSpaced noBorder\" ><hr><\/div><div class=\"bpgPhoto btSimpleHover\" ><div class = \"btImage\"><img decoding=\"async\" src=\"https:\/\/www.blanquita.com.co\/blanquita\/wp-content\/uploads\/2023\/07\/boton-charla-jose-manuel.png\" alt=\"\" title=\"boton-charla-jose-manuel\"><\/div><\/div><div class=\"btClear btSeparator bottomSemiSpaced noBorder\" ><hr><\/div><\/div><\/div><\/div><\/div><\/div><\/div><\/div><\/section><section id=\"bt_section69eb2ad0a3f8d\"  class=\"boldSection gutter\" ><div class=\"port\"><div class=\"boldCell\"><div class=\"boldCellInner\"><div class=\"boldRow \" ><div class=\"boldRowInner\"><div class=\"rowItem col-md-12 col-ms-12  btTextCenter inherit\"  data-width=\"12\"><div class=\"rowItemContent\" ><div class=\"bpgPhoto btSimpleHover\" > \r\n\t\t\t\t\t<a href=\"https:\/\/youtu.be\/sIwf9W5COYU\" target=\"_blank\" title=\"video-paella-por-una-causa\"><\/a>\r\n\t\t\t\t\t<div class=\"boldPhotoBox\"><div class=\"bpbItem\"><div class = \"btImage\"><img decoding=\"async\" src=\"https:\/\/www.blanquita.com.co\/blanquita\/wp-content\/uploads\/2023\/07\/video-paella-por-una-causa.png\" alt=\"\" title=\"video-paella-por-una-causa\"><\/div><\/div><\/div>\r\n\t\t\t\t\t<div class=\"captionPane btDarkSkin btTextCenter\">\r\n\t\t\t\t\t\t<div class=\"captionTable\">\r\n\t\t\t\t\t\t\t<div class=\"captionCell\">\r\n\t\t\t\t\t\t\t\t<div class=\"captionTxt\"><header class=\"header btClear extrasmall\" ><div class=\"dash\"><h4><span class=\"headline\">video-paella-por-una-causa<\/span><\/h4><\/div><\/header><\/div>\r\n\t\t\t\t\t\t\t<\/div>\r\n\t\t\t\t\t\t<\/div>\r\n\t\t\t\t\t<\/div><\/div><div class=\"btClear btSeparator bottomSemiSpaced noBorder\" ><hr><\/div><header class=\"header btClear large\" ><div class=\"dash\"><h2><span class=\"headline\"><b class=\"animate\">Producimos, conservando y conservamos, produciendo.<\/b><\/span><\/h2><\/div><\/header><div class=\"btClear btSeparator bottomSemiSpaced noBorder\" ><hr><\/div><header class=\"header btClear medium\" ><div class=\"dash\"><h3><span class=\"headline\">Nuestra metodolog\u00eda de siembra, el apoyo de nuestros agr\u00f3nomos y las tecnolog\u00edas limpias nos permite brindar un producto con los m\u00e1s altos est\u00e1ndares, ofreci\u00e9ndote el mejor arroz y cuidando siempre el medio ambiente y el consumo consciente del ser humano.<\/span><\/h3><\/div><\/header><div class=\"btClear btSeparator bottomSemiSpaced noBorder\" ><hr><\/div><div class=\"bpgPhoto btSimpleHover\" > \r\n\t\t\t\t\t<a href=\"https:\/\/youtu.be\/sIwf9W5COYU\" target=\"_blank\" title=\"boton-vision-30-30\"><\/a>\r\n\t\t\t\t\t<div class=\"boldPhotoBox\"><div class=\"bpbItem\"><div class = \"btImage\"><img decoding=\"async\" src=\"https:\/\/www.blanquita.com.co\/blanquita\/wp-content\/uploads\/2023\/07\/boton-vision-30-30.png\" alt=\"\" title=\"boton-vision-30-30\"><\/div><\/div><\/div>\r\n\t\t\t\t\t<div class=\"captionPane btDarkSkin btTextCenter\">\r\n\t\t\t\t\t\t<div class=\"captionTable\">\r\n\t\t\t\t\t\t\t<div class=\"captionCell\">\r\n\t\t\t\t\t\t\t\t<div class=\"captionTxt\"><header class=\"header btClear extrasmall\" ><div class=\"dash\"><h4><span class=\"headline\">boton-vision-30-30<\/span><\/h4><\/div><\/header><\/div>\r\n\t\t\t\t\t\t\t<\/div>\r\n\t\t\t\t\t\t<\/div>\r\n\t\t\t\t\t<\/div><\/div><\/div><\/div><\/div><\/div><\/div><\/div><\/div><\/section><section id=\"bt_section69eb2ad0a43f5\"  class=\"boldSection topSpaced bottomSpaced gutter inherit wBackground cover\" style=\"background-image:url('https:\/\/www.blanquita.com.co\/blanquita\/wp-content\/uploads\/2023\/07\/fondo-compromiso-adentro.jpg');\"><div class=\"port\"><div class=\"boldCell\"><div class=\"boldCellInner\"><div class=\"boldRow \" ><div class=\"boldRowInner\"><div class=\"rowItem col-md-12 col-ms-12  btTextCenter inherit\"  data-width=\"12\"><div class=\"rowItemContent\" ><header class=\"header btClear extralarge\" ><div class=\"dash\"><h1><span class=\"headline\"><b class=\"animate\">NUESTRO COMPROMISO ES DESDE ADENTRO<\/b><\/span><\/h1><\/div><\/header><div class=\"btClear btSeparator bottomSemiSpaced noBorder\" ><hr><\/div><header class=\"header btClear medium btDash bottomDash\" ><div class=\"dash\"><h3><span class=\"headline\">En Blanquita, pese a que somos S.A.S. y nos corresponde como \u00f3rgano supremo la Asamblea de Accionistas, Arroz Blanquita tiene sus objetivos superiores y por ello cuenta con una JUNTA ASESORA EXTERNA, con miembros Accionistas propietarios, tres miembros externos independientes y 3 empleados directivos con una composici\u00f3n de 60% Mujeres.<\/span><\/h3><\/div><\/header><\/div><\/div><\/div><\/div><\/div><\/div><\/div><\/section>","protected":false},"excerpt":{"rendered":"","protected":false},"author":2,"featured_media":0,"parent":3284,"menu_order":0,"comment_status":"closed","ping_status":"closed","template":"","meta":{"footnotes":""},"class_list":["post-3617","page","type-page","status-publish","hentry"],"_links":{"self":[{"href":"https:\/\/www.blanquita.com.co\/blanquita\/wp-json\/wp\/v2\/pages\/3617","targetHints":{"allow":["GET"]}}],"collection":[{"href":"https:\/\/www.blanquita.com.co\/blanquita\/wp-json\/wp\/v2\/pages"}],"about":[{"href":"https:\/\/www.blanquita.com.co\/blanquita\/wp-json\/wp\/v2\/types\/page"}],"author":[{"embeddable":true,"href":"https:\/\/www.blanquita.com.co\/blanquita\/wp-json\/wp\/v2\/users\/2"}],"replies":[{"embeddable":true,"href":"https:\/\/www.blanquita.com.co\/blanquita\/wp-json\/wp\/v2\/comments?post=3617"}],"version-history":[{"count":66,"href":"https:\/\/www.blanquita.com.co\/blanquita\/wp-json\/wp\/v2\/pages\/3617\/revisions"}],"predecessor-version":[{"id":3705,"href":"https:\/\/www.blanquita.com.co\/blanquita\/wp-json\/wp\/v2\/pages\/3617\/revisions\/3705"}],"up":[{"embeddable":true,"href":"https:\/\/www.blanquita.com.co\/blanquita\/wp-json\/wp\/v2\/pages\/3284"}],"wp:attachment":[{"href":"https:\/\/www.blanquita.com.co\/blanquita\/wp-json\/wp\/v2\/media?parent=3617"}],"curies":[{"name":"wp","href":"https:\/\/api.w.org\/{rel}","templated":true}]}}