{"id":3719,"date":"2023-08-01T04:54:04","date_gmt":"2023-08-01T04:54:04","guid":{"rendered":"https:\/\/www.blanquita.com.co\/blanquita\/?page_id=3719"},"modified":"2023-08-01T04:58:40","modified_gmt":"2023-08-01T04:58:40","slug":"linea-etica","status":"publish","type":"page","link":"https:\/\/www.blanquita.com.co\/blanquita\/linea-etica\/","title":{"rendered":"L\u00ednea \u00c9tica"},"content":{"rendered":"<section id=\"bt_section69dec176cde8a\" data-parallax=\"0.7\" data-parallax-offset=\"0\" class=\"boldSection btLightSkin btMiddleVertical btParallax wBackground cover\" style=\"background-image:url('https:\/\/www.blanquita.com.co\/blanquita\/wp-content\/uploads\/2023\/05\/cover_nosotros.jpg');\"><div class=\"port\"><div class=\"boldCell\"><div class=\"boldCellInner\"><div class=\"boldRow \" ><div class=\"boldRowInner\"><div class=\"rowItem col-md-3 col-sm-6 col-ms-12 btTextLeft animate animate-fadein animate-moveright inherit\"  data-width=\"3\"><div class=\"rowItemContent\" ><\/div><\/div><div class=\"rowItem col-md-6 col-sm-12 btTextCenter animate animate-fadein inherit\"  data-width=\"6\"><div class=\"rowItemContent\" ><div class=\"btClear btSeparator bottomLargeSpaced noBorder\" ><hr><\/div><div class=\"btClear btSeparator bottomSemiSpaced noBorder\" ><hr><\/div><header class=\"header btClear huge btDash bottomDash\" style=\".header { letter-spacing: 12px; color: #ac1e28; }\"><div class=\"dash\"><h1><span class=\"headline\"><b class=\"animate\">L\u00cdNEA \u00c9TICA<\/b><\/span><\/h1><\/div><\/header><\/div><\/div><div class=\"rowItem col-md-3 col-sm-6 col-ms-12 btTextRight animate animate-fadein animate-moveleft btBottomVertical\" style=\"z-index: 1;\" data-width=\"3\"><div class=\"rowItemContent\" ><\/div><\/div><\/div><\/div><div class=\"boldRow \" ><div class=\"boldRowInner\"><div class=\"rowItem col-md-12 col-ms-12  btTextLeft\"  data-width=\"12\"><div class=\"rowItemContent\" ><div class=\"bpgPhoto \" ><div class = \"btImage\"><img decoding=\"async\" src=\"https:\/\/www.blanquita.com.co\/blanquita\/wp-content\/uploads\/2016\/10\/white_divider_bottom.png\" alt=\"\" title=\"white_divider_bottom\"><\/div><\/div><\/div><\/div><\/div><\/div><\/div><\/div><\/div><\/section><section id=\"bt_section69dec176ce1f8\"  class=\"boldSection topSpaced bottomSemiSpaced gutter inherit\" ><div class=\"port\"><div class=\"boldCell\"><div class=\"boldCellInner\"><div class=\"boldRow \" ><div class=\"boldRowInner\"><div class=\"rowItem col-md-12 col-ms-12  btTextCenter inherit\"  data-width=\"12\"><div class=\"rowItemContent\" ><header class=\"header btClear medium btDash bottomDash\" ><div class=\"dash\"><h3><span class=\"headline\"><b class=\"animate\"> MECANISMO DE REPORTE CONTRARIAS A LA POL\u00cdTICA DE TRANSPARENCIA Y \u00c9TICA EMPRESARIAL (PTEE)\r<br>Y LA LEY SU REPORTE ES VOLUNTARIO Y ANONIMO<\/b> <\/span><\/h3><\/div><\/header><div class=\"btClear btSeparator bottomSpaced noBorder\" ><hr><\/div><\/div><\/div><\/div><\/div><div class=\"boldRow \" ><div class=\"boldRowInner\"><div class=\"rowItem col-md-12 col-ms-12  btTextLeft\"  data-width=\"12\"><div class=\"rowItemContent\" ><header class=\"header btClear small\" ><div class=\"dash\"><h4><span class=\"headline\">En todo el proceso se mantendr\u00e1 la confidencialidad, garantizando absoluta reserva desde el inicio hasta terminar su reporte.\r<br>Que se puede reportar:\r<br><ul>\r<br> \t<li>Situaciones de deslealtad con la empresa<\/li>\r<br> \t<li>Uso indebido de la informaci\u00f3n confidencial de la empresa<\/li>\r<br> \t<li>Abuso o extralimitaci\u00f3n de las funciones de un superior o funcionario<\/li>\r<br> \t<li>Actividades sospechosas de Lavado de Activos<\/li>\r<br> \t<li>Situaciones de conflicto de intereses<\/li>\r<br> \t<li>Aceptaci\u00f3n de obsequios o prebendas para influir en una negociaci\u00f3n u operaci\u00f3n<\/li>\r<br> \t<li>Cualquier otra actividad contraria a la ley o al c\u00f3digo interno laboral<\/li>\r<br><\/ul>\r<br><\/span><\/h4><\/div><\/header><\/div><\/div><\/div><\/div><\/div><\/div><\/div><\/section><section id=\"bt_section69dec176ce39f\"  class=\"boldSection bottomSpaced gutter inherit\" ><div class=\"port\"><div class=\"boldCell\"><div class=\"boldCellInner\"><div class=\"boldRow \" ><div class=\"boldRowInner\"><div class=\"rowItem col-md-3 col-sm-6 col-ms-12 btTextLeft\"  data-width=\"3\"><div class=\"rowItemContent\" ><\/div><\/div><div class=\"rowItem col-md-9 col-ms-12  btTextLeft inherit btNoPadding\"  data-width=\"9\"><div class=\"rowItemContent\" ><header class=\"header btClear extralarge\" ><div class=\"dash\"><h1><span class=\"headline\">REPORTE<\/span><\/h1><\/div><\/header><\/div><\/div><\/div><\/div><div class=\"boldRow \" ><div class=\"boldRowInner\"><div class=\"rowItem col-md-12 col-ms-12  btTextLeft\"  data-width=\"12\"><div class=\"rowItemContent\" ><div class=\"btText\" >\n<div class=\"wpcf7 no-js\" id=\"wpcf7-f3717-o1\" lang=\"es-ES\" dir=\"ltr\" data-wpcf7-id=\"3717\">\n<div class=\"screen-reader-response\"><p role=\"status\" aria-live=\"polite\" aria-atomic=\"true\"><\/p> <ul><\/ul><\/div>\n<form action=\"\/blanquita\/wp-json\/wp\/v2\/pages\/3719#wpcf7-f3717-o1\" method=\"post\" class=\"wpcf7-form init\" aria-label=\"Formulario de contacto\" novalidate=\"novalidate\" data-status=\"init\">\n<div style=\"display: none;\">\n<input type=\"hidden\" name=\"_wpcf7\" value=\"3717\" \/>\n<input type=\"hidden\" name=\"_wpcf7_version\" value=\"6.0.6\" \/>\n<input type=\"hidden\" name=\"_wpcf7_locale\" value=\"es_ES\" \/>\n<input type=\"hidden\" name=\"_wpcf7_unit_tag\" value=\"wpcf7-f3717-o1\" \/>\n<input type=\"hidden\" name=\"_wpcf7_container_post\" value=\"0\" \/>\n<input type=\"hidden\" name=\"_wpcf7_posted_data_hash\" value=\"\" \/>\n<\/div>\n<div class=\"container\" style=\"    max-width: 900px;   width: 100%;    margin: auto; padding:20px\">\n\t<p><label> Tipo de reporte<br \/>\n<span class=\"wpcf7-form-control-wrap\" data-name=\"tiporeporte\"><select class=\"wpcf7-form-control wpcf7-select wpcf7-validates-as-required\" aria-required=\"true\" aria-invalid=\"false\" name=\"tiporeporte\"><option value=\"Fraude\">Fraude<\/option><option value=\"Corrupci\u00f3n\">Corrupci\u00f3n<\/option><option value=\"Abuso\">Abuso<\/option><option value=\"Lavado de Activos\">Lavado de Activos<\/option><option value=\"Uso Indebido de recursos\">Uso Indebido de recursos<\/option><option value=\"Apropiaci\u00f3n indebida de activos\">Apropiaci\u00f3n indebida de activos<\/option><option value=\"Conflicto de inter\u00e9s\">Conflicto de inter\u00e9s<\/option><option value=\"Otras Acciones Irregulares\">Otras Acciones Irregulares<\/option><\/select><\/span> <\/label>\n\t<\/p>\n\t<p><label> Descripci\u00f3n detallada del reporte:<br \/>\n<span class=\"wpcf7-form-control-wrap\" data-name=\"descripcion-reporte\"><textarea cols=\"40\" rows=\"10\" maxlength=\"2000\" class=\"wpcf7-form-control wpcf7-textarea\" aria-invalid=\"false\" name=\"descripcion-reporte\"><\/textarea><\/span> <\/label>\n\t<\/p>\n\t<p><label> Lugar del evento:<br \/>\n<span class=\"wpcf7-form-control-wrap\" data-name=\"lugar-evento\"><input size=\"40\" maxlength=\"400\" class=\"wpcf7-form-control wpcf7-text wpcf7-validates-as-required\" aria-required=\"true\" aria-invalid=\"false\" value=\"\" type=\"text\" name=\"lugar-evento\" \/><\/span> <\/label>\n\t<\/p>\n\t<p><label> Fecha del evento:<br \/>\n<span class=\"wpcf7-form-control-wrap\" data-name=\"fecha-evento\"><input class=\"wpcf7-form-control wpcf7-date wpcf7-validates-as-required wpcf7-validates-as-date\" aria-required=\"true\" aria-invalid=\"false\" value=\"\" type=\"date\" name=\"fecha-evento\" \/><\/span> <\/label>\n\t<\/p>\n\t<p><label> \u00bfC\u00f3mo se enter\u00f3 del evento? (Respuesta \u00danica)<br \/>\n<span class=\"wpcf7-form-control-wrap\" data-name=\"como-se-entero\"><input size=\"40\" maxlength=\"400\" class=\"wpcf7-form-control wpcf7-text wpcf7-validates-as-required\" aria-required=\"true\" aria-invalid=\"false\" value=\"\" type=\"text\" name=\"como-se-entero\" \/><\/span> <\/label>\n\t<\/p>\n\t<p><label> \u00bfLa gerencia o alguien m\u00e1s de la empresa conoce la situaci\u00f3n?<br \/>\n<span class=\"wpcf7-form-control-wrap\" data-name=\"gerencia-sabe\"><select class=\"wpcf7-form-control wpcf7-select wpcf7-validates-as-required\" aria-required=\"true\" aria-invalid=\"false\" name=\"gerencia-sabe\"><option value=\"S\u00ed\">S\u00ed<\/option><option value=\"No\">No<\/option><option value=\"No se\">No se<\/option><\/select><\/span><\/label>\n\t<\/p>\n<hr \/>\n\t<h2>PERSONAS INVOLUCRADAS\n\t<\/h2>\n\t<p><label> 1.Datos involucrado<br \/>\n<span class=\"wpcf7-form-control-wrap\" data-name=\"name1\"><input size=\"40\" maxlength=\"400\" class=\"wpcf7-form-control wpcf7-text\" aria-invalid=\"false\" placeholder=\"Nombre\" value=\"\" type=\"text\" name=\"name1\" \/><\/span><br \/>\n<span class=\"wpcf7-form-control-wrap\" data-name=\"lastname1\"><input size=\"40\" maxlength=\"400\" class=\"wpcf7-form-control wpcf7-text\" aria-invalid=\"false\" placeholder=\"Apellido\" value=\"\" type=\"text\" name=\"lastname1\" \/><\/span><br \/>\n<span class=\"wpcf7-form-control-wrap\" data-name=\"cargo1\"><input size=\"40\" maxlength=\"400\" class=\"wpcf7-form-control wpcf7-text\" aria-invalid=\"false\" placeholder=\"Cargo o \u00c1rea\" value=\"\" type=\"text\" name=\"cargo1\" \/><\/span><br \/>\n<span class=\"wpcf7-form-control-wrap\" data-name=\"infoadicional1\"><textarea cols=\"40\" rows=\"10\" maxlength=\"2000\" class=\"wpcf7-form-control wpcf7-textarea\" aria-invalid=\"false\" placeholder=\"Ingrese Informaci\u00f3n Adicional\" name=\"infoadicional1\"><\/textarea><\/span><\/label>\n\t<\/p>\n<hr \/>\n\t<p><label> 2. Datos involucrado<br \/>\n<span class=\"wpcf7-form-control-wrap\" data-name=\"name2\"><input size=\"40\" maxlength=\"400\" class=\"wpcf7-form-control wpcf7-text\" aria-invalid=\"false\" placeholder=\"Nombre\" value=\"\" type=\"text\" name=\"name2\" \/><\/span><br \/>\n<span class=\"wpcf7-form-control-wrap\" data-name=\"lastname2\"><input size=\"40\" maxlength=\"400\" class=\"wpcf7-form-control wpcf7-text\" aria-invalid=\"false\" placeholder=\"Apellido\" value=\"\" type=\"text\" name=\"lastname2\" \/><\/span><br \/>\n<span class=\"wpcf7-form-control-wrap\" data-name=\"cargo2\"><input size=\"40\" maxlength=\"400\" class=\"wpcf7-form-control wpcf7-text\" aria-invalid=\"false\" placeholder=\"Cargo o \u00c1rea\" value=\"\" type=\"text\" name=\"cargo2\" \/><\/span><br \/>\n<span class=\"wpcf7-form-control-wrap\" data-name=\"infoadicional2\"><textarea cols=\"40\" rows=\"10\" maxlength=\"2000\" class=\"wpcf7-form-control wpcf7-textarea\" aria-invalid=\"false\" placeholder=\"Ingrese Informaci\u00f3n Adicional\" name=\"infoadicional2\"><\/textarea><\/span><\/label>\n\t<\/p>\n<hr \/>\n\t<p><label> 3. Datos involucrado<br \/>\n<span class=\"wpcf7-form-control-wrap\" data-name=\"name3\"><input size=\"40\" maxlength=\"400\" class=\"wpcf7-form-control wpcf7-text\" aria-invalid=\"false\" placeholder=\"Nombre\" value=\"\" type=\"text\" name=\"name3\" \/><\/span><br \/>\n<span class=\"wpcf7-form-control-wrap\" data-name=\"lastname3\"><input size=\"40\" maxlength=\"400\" class=\"wpcf7-form-control wpcf7-text\" aria-invalid=\"false\" placeholder=\"Apellido\" value=\"\" type=\"text\" name=\"lastname3\" \/><\/span><br \/>\n<span class=\"wpcf7-form-control-wrap\" data-name=\"cargo3\"><input size=\"40\" maxlength=\"400\" class=\"wpcf7-form-control wpcf7-text\" aria-invalid=\"false\" placeholder=\"Cargo o \u00c1rea\" value=\"\" type=\"text\" name=\"cargo3\" \/><\/span><br \/>\n<span class=\"wpcf7-form-control-wrap\" data-name=\"infoadicional3\"><textarea cols=\"40\" rows=\"10\" maxlength=\"2000\" class=\"wpcf7-form-control wpcf7-textarea\" aria-invalid=\"false\" placeholder=\"Ingrese Informaci\u00f3n Adicional\" name=\"infoadicional3\"><\/textarea><\/span><\/label>\n\t<\/p>\n<hr \/>\n\t<h2>INFORMACION REPORTANTE\n\t<\/h2>\n\t<p>\u201cRecuerda que este canal es An\u00f3nimo y confidencial sino desea suministrar ning\u00fan dato de contacto\u201d.<br \/>\n<span class=\"wpcf7-form-control-wrap\" data-name=\"anonimo\"><span class=\"wpcf7-form-control wpcf7-checkbox\"><span class=\"wpcf7-list-item first last\"><input type=\"checkbox\" name=\"anonimo[]\" value=\"Quiero ser An\u00f3nimo\" \/><span class=\"wpcf7-list-item-label\">Quiero ser An\u00f3nimo<\/span><\/span><\/span><\/span>\n\t<\/p>\n\t<p>*En caso contrario si quiere ser contactado, por favor diligencie la siguiente informaci\u00f3n:\n\t<\/p>\n\t<p><label> Vinculaci\u00f3n con la Empresa:<br \/>\n<span class=\"wpcf7-form-control-wrap\" data-name=\"vinculacion\"><select class=\"wpcf7-form-control wpcf7-select\" aria-invalid=\"false\" name=\"vinculacion\"><option value=\"Cliente\">Cliente<\/option><option value=\"Proveedor\">Proveedor<\/option><option value=\"Consumidor\">Consumidor<\/option><option value=\"Contratista\">Contratista<\/option><option value=\"Otros\">Otros<\/option><\/select><\/span><br \/>\n<span class=\"wpcf7-form-control-wrap\" data-name=\"name4\"><input size=\"40\" maxlength=\"400\" class=\"wpcf7-form-control wpcf7-text\" aria-invalid=\"false\" placeholder=\"Nombre\" value=\"\" type=\"text\" name=\"name4\" \/><\/span><br \/>\n<span class=\"wpcf7-form-control-wrap\" data-name=\"lastname4\"><input size=\"40\" maxlength=\"400\" class=\"wpcf7-form-control wpcf7-text\" aria-invalid=\"false\" placeholder=\"Apellido\" value=\"\" type=\"text\" name=\"lastname4\" \/><\/span><br \/>\n<span class=\"wpcf7-form-control-wrap\" data-name=\"cargo4\"><input size=\"40\" maxlength=\"400\" class=\"wpcf7-form-control wpcf7-text\" aria-invalid=\"false\" placeholder=\"Cargo o \u00c1rea\" value=\"\" type=\"text\" name=\"cargo4\" \/><\/span><br \/>\n<span class=\"wpcf7-form-control-wrap\" data-name=\"infoadicional4\"><textarea cols=\"40\" rows=\"10\" maxlength=\"2000\" class=\"wpcf7-form-control wpcf7-textarea\" aria-invalid=\"false\" placeholder=\"Ingrese Informaci\u00f3n Adicional\" name=\"infoadicional4\"><\/textarea><\/span> <\/label>\n\t<\/p>\n<hr \/>\n\t<p>Sus datos ser\u00e1n tratados de acuerdo a nuestra pol\u00edtica de tratamiento de datos personales seg\u00fan ley 1581 del 2012, la cual se encuentra disponible en nuestra p\u00e1gina web www.blanquita.com.co. Sus datos aqu\u00ed recopilados tendr\u00e1n como finalidad de uso solo para fines de gesti\u00f3n administrativa y legal seg\u00fan el reporte suministrado.\n\t<\/p>\n\t<p><span class=\"wpcf7-form-control-wrap\" data-name=\"acceptance-162\"><span class=\"wpcf7-form-control wpcf7-acceptance\"><span class=\"wpcf7-list-item\"><label><input type=\"checkbox\" name=\"acceptance-162\" value=\"1\" aria-invalid=\"false\" \/><span class=\"wpcf7-list-item-label\">Aceptar Politica de tratamiento de datos<\/span><\/label><\/span><\/span><\/span>\n\t<\/p>\n\t<p><input class=\"wpcf7-form-control wpcf7-submit has-spinner\" type=\"submit\" value=\"Enviar Reporte\" \/>\n\t<\/p>\n<hr \/>\n\t<h3>INFORMACION ADICIONAL.\n\t<\/h3>\n\t<p>Otros canales para reportar:\n\t<\/p>\n\t<p><b>Correo Electr\u00f3nico:<\/b> arroz@blanquita.com.co \u2013 fleon@blanquita.com.co<br \/>\n<b>Tel\u00e9fono:<\/b> (602) 5160000 ext. 142<br \/>\n<b>Portal:<\/b> www.blanquita.com.co (L\u00ednea \u00c9tica)<br \/>\n<b>L\u00ednea Gratuita:<\/b> 018000127127\n\t<\/p>\n<\/div>\n<style>\n\ninput.wpcf7-form-control.has-spinner.wpcf7-submit {\n background-color: #c50000;\n}\n<\/style><input type='hidden' class='wpcf7-pum' value='{\"closepopup\":false,\"closedelay\":0,\"openpopup\":false,\"openpopup_id\":0}' \/><div class=\"wpcf7-response-output\" aria-hidden=\"true\"><\/div>\n<\/form>\n<\/div>\n<\/div><\/div><\/div><\/div><\/div><\/div><\/div><\/div><\/section>","protected":false},"excerpt":{"rendered":"","protected":false},"author":2,"featured_media":0,"parent":0,"menu_order":0,"comment_status":"closed","ping_status":"closed","template":"","meta":{"footnotes":""},"class_list":["post-3719","page","type-page","status-publish","hentry"],"_links":{"self":[{"href":"https:\/\/www.blanquita.com.co\/blanquita\/wp-json\/wp\/v2\/pages\/3719","targetHints":{"allow":["GET"]}}],"collection":[{"href":"https:\/\/www.blanquita.com.co\/blanquita\/wp-json\/wp\/v2\/pages"}],"about":[{"href":"https:\/\/www.blanquita.com.co\/blanquita\/wp-json\/wp\/v2\/types\/page"}],"author":[{"embeddable":true,"href":"https:\/\/www.blanquita.com.co\/blanquita\/wp-json\/wp\/v2\/users\/2"}],"replies":[{"embeddable":true,"href":"https:\/\/www.blanquita.com.co\/blanquita\/wp-json\/wp\/v2\/comments?post=3719"}],"version-history":[{"count":24,"href":"https:\/\/www.blanquita.com.co\/blanquita\/wp-json\/wp\/v2\/pages\/3719\/revisions"}],"predecessor-version":[{"id":3743,"href":"https:\/\/www.blanquita.com.co\/blanquita\/wp-json\/wp\/v2\/pages\/3719\/revisions\/3743"}],"wp:attachment":[{"href":"https:\/\/www.blanquita.com.co\/blanquita\/wp-json\/wp\/v2\/media?parent=3719"}],"curies":[{"name":"wp","href":"https:\/\/api.w.org\/{rel}","templated":true}]}}