{"id":3886,"date":"2023-09-19T14:00:36","date_gmt":"2023-09-19T14:00:36","guid":{"rendered":"https:\/\/www.blanquita.com.co\/blanquita\/?page_id=3886"},"modified":"2025-12-12T16:51:07","modified_gmt":"2025-12-12T16:51:07","slug":"biochar","status":"publish","type":"page","link":"https:\/\/www.blanquita.com.co\/blanquita\/biochar\/","title":{"rendered":"Biochar"},"content":{"rendered":"<section id=\"bt_section69fb3ffd72b80\" data-parallax=\"0.7\" data-parallax-offset=\"0\" class=\"boldSection btLightSkin btMiddleVertical btParallax wBackground cover\" style=\"background-image:url('https:\/\/www.blanquita.com.co\/blanquita\/wp-content\/uploads\/2023\/09\/banner-biochar-regenerador-de-suelos.png');\"><div class=\"port\"><div class=\"boldCell\"><div class=\"boldCellInner\"><div class=\"boldRow \" ><div class=\"boldRowInner\"><div class=\"rowItem col-md-3 col-sm-6 col-ms-12 btTextLeft animate animate-fadein animate-moveright inherit\"  data-width=\"3\"><div class=\"rowItemContent\" ><\/div><\/div><div class=\"rowItem col-md-6 col-sm-12 btTextCenter animate animate-fadein inherit\"  data-width=\"6\"><div class=\"rowItemContent\" ><div class=\"btClear btSeparator topExtraSpaced noBorder\" ><hr><\/div><div class=\"btClear btSeparator bottomExtraSpaced noBorder\" ><hr><\/div><div class=\"btClear btSeparator bottomExtraSpaced noBorder\" ><hr><\/div><div class=\"btClear btSeparator bottomExtraSpaced noBorder\" ><hr><\/div><\/div><\/div><div class=\"rowItem col-md-3 col-sm-6 col-ms-12 btTextRight animate animate-fadein animate-moveleft btBottomVertical\" style=\"z-index: 1;\" data-width=\"3\"><div class=\"rowItemContent\" ><\/div><\/div><\/div><\/div><div class=\"boldRow \" ><div class=\"boldRowInner\"><div class=\"rowItem col-md-12 col-ms-12  btTextLeft\"  data-width=\"12\"><div class=\"rowItemContent\" ><div class=\"bpgPhoto \" ><div class = \"btImage\"><img decoding=\"async\" src=\"https:\/\/www.blanquita.com.co\/blanquita\/wp-content\/uploads\/2016\/10\/white_divider_bottom.png\" alt=\"\" title=\"white_divider_bottom\"><\/div><\/div><\/div><\/div><\/div><\/div><\/div><\/div><\/div><\/section><section id=\"bt_section69fb3ffd72eb6\"  class=\"boldSection topSemiSpaced bottomSemiSpaced inherit\" ><div class=\"port\"><div class=\"boldCell\"><div class=\"boldCellInner\"><div class=\"boldRow \" ><div class=\"boldRowInner\"><div class=\"rowItem col-md-3 col-sm-6 col-ms-12 btTextLeft\"  data-width=\"3\"><div class=\"rowItemContent\" ><\/div><\/div><div class=\"rowItem col-md-6 col-sm-12 btTextCenter inherit\"  data-width=\"6\"><div class=\"rowItemContent\" ><header class=\"header btClear medium\" ><div class=\"dash\"><h3><span class=\"headline\">El biochar se obtiene de residuos de biomasa, en nuestro caso usamos cascarilla\r<br>de arroz para tener un nuevo producto que tiene m\u00faltiples usos.<\/span><\/h3><\/div><\/header><div class=\"btClear btSeparator topSemiSpaced noBorder\" ><hr><\/div><header class=\"header btClear large\" ><div class=\"dash\"><h2><span class=\"headline\"><b class=\"animate\">Te invitamos a descubrir todo su poder.<\/b><\/span><\/h2><\/div><\/header><div class=\"btClear btSeparator topSpaced noBorder\" ><hr><\/div><\/div><\/div><div class=\"rowItem col-md-3 col-sm-6 col-ms-12 btTextLeft\"  data-width=\"3\"><div class=\"rowItemContent\" ><\/div><\/div><\/div><\/div><div class=\"boldRow \" ><div class=\"boldRowInner\"><div class=\"rowItem col-md-12 col-ms-12  btTextCenter inherit\"  data-width=\"12\"><div class=\"rowItemContent\" ><div class=\"bpgPhoto \" ><div class = \"btImage\"><img decoding=\"async\" src=\"https:\/\/www.blanquita.com.co\/blanquita\/wp-content\/uploads\/2024\/01\/Biochar-aliado-cosecha-sostenible.png\" alt=\"\" title=\"Biochar-aliado-cosecha-sostenible\"><\/div><\/div><\/div><\/div><\/div><\/div><div class=\"boldRow \" ><div class=\"boldRowInner\"><div class=\"rowItem col-md-12 col-ms-12  btTextCenter inherit\"  data-width=\"12\"><div class=\"rowItemContent\" ><div class=\"btClear btSeparator topSmallSpaced noBorder\" ><hr><\/div><a href=\"#\" class=\"btBtn btBtn btnFilledStyle btnAccentColor btnSmall btnNormalWidth btnInlinePosition btnIco\"  target=\"_self\"><span class=\"btIco \"><span  data-ico-fa=\"&#xf078;\" class=\"btIcoHolder\"><\/span><\/span><\/a><\/div><\/div><\/div><\/div><\/div><\/div><\/div><\/section><section id=\"bt_section69fb3ffd7330a\"  class=\"boldSection topSpaced bottomSmallSpaced inherit\" ><div class=\"port\"><div class=\"boldCell\"><div class=\"boldCellInner\"><div class=\"boldRow \" ><div class=\"boldRowInner\"><div class=\"rowItem col-md-12 col-ms-12  btTextCenter btMiddleVertical\"  data-width=\"12\"><div class=\"rowItemContent\" ><header class=\"header btClear extralarge\" ><div class=\"dash\"><h1><span class=\"headline\"><b class=\"animate\">EFICACIA, EFICIENCIA Y VIDA PARA EL SUELO<\/b><\/span><\/h1><\/div><\/header><div class=\"btClear btSeparator bottomSpaced noBorder\" ><hr><\/div><\/div><\/div><\/div><\/div><div class=\"boldRow \" ><div class=\"boldRowInner\"><div class=\"rowItem col-md-12 col-ms-12  btTextCenter animate animate-fadein inherit\"  data-width=\"12\"><div class=\"rowItemContent\" ><div class=\"btClear btSeparator topSmallSpaced noBorder\" ><hr><\/div><div class=\"bpgPhoto \" ><div class = \"btImage\"><img decoding=\"async\" src=\"https:\/\/www.blanquita.com.co\/blanquita\/wp-content\/uploads\/2024\/01\/economia-circular-blanquita-1280x1270.png\" alt=\"\" title=\"economia-circular-blanquita\"><\/div><\/div><div class=\"btClear btSeparator topSmallSpaced noBorder\" ><hr><\/div><\/div><\/div><\/div><\/div><div class=\"boldRow \" ><div class=\"boldRowInner\"><div class=\"rowItem col-md-3 col-sm-6 col-ms-12 btTextLeft\"  data-width=\"3\"><div class=\"rowItemContent\" ><\/div><\/div><div class=\"rowItem col-md-6 col-sm-12 btTextCenter inherit\"  data-width=\"6\"><div class=\"rowItemContent\" ><div class=\"btClear btSeparator topSmallSpaced noBorder\" ><hr><\/div><header class=\"header btClear large\" ><div class=\"dash\"><h2><span class=\"headline\"><b class=\"animate\">Econom\u00eda circular<\/b><\/span><\/h2><\/div><\/header><div class=\"btClear btSeparator topSmallSpaced noBorder\" ><hr><\/div><div class=\"bpgPhoto \" > \r\n\t\t\t\t\t<a href=\"https:\/\/youtu.be\/M49PeJQR6N4\" target=\"_blank\" title=\"economia-circular-video\"><\/a>\r\n\t\t\t\t\t<div class=\"boldPhotoBox\"><div class=\"bpbItem\"><div class = \"btImage\"><img decoding=\"async\" src=\"https:\/\/www.blanquita.com.co\/blanquita\/wp-content\/uploads\/2024\/01\/economia-circular-video.png\" alt=\"\" title=\"economia-circular-video\"><\/div><\/div><\/div>\r\n\t\t\t\t\t<div class=\"captionPane btDarkSkin btTextCenter\">\r\n\t\t\t\t\t\t<div class=\"captionTable\">\r\n\t\t\t\t\t\t\t<div class=\"captionCell\">\r\n\t\t\t\t\t\t\t\t<div class=\"captionTxt\"><header class=\"header btClear extrasmall\" ><div class=\"dash\"><h4><span class=\"headline\">economia-circular-video<\/span><\/h4><\/div><\/header><\/div>\r\n\t\t\t\t\t\t\t<\/div>\r\n\t\t\t\t\t\t<\/div>\r\n\t\t\t\t\t<\/div><\/div><\/div><\/div><div class=\"rowItem col-md-3 col-sm-6 col-ms-12 btTextLeft\"  data-width=\"3\"><div class=\"rowItemContent\" ><\/div><\/div><\/div><\/div><\/div><\/div><\/div><\/section><section id=\"bt_section69fb3ffd738cf\"  class=\"boldSection topSpaced bottomSpaced gutter inherit\" ><div class=\"port\"><div class=\"boldCell\"><div class=\"boldCellInner\"><div class=\"boldRow \" ><div class=\"boldRowInner\"><div class=\"rowItem col-md-6 col-sm-12 btTextLeft\"  data-width=\"6\"><div class=\"rowItemContent\" ><div class=\"bpgPhoto \" ><div class = \"btImage\"><img decoding=\"async\" src=\"https:\/\/www.blanquita.com.co\/blanquita\/wp-content\/uploads\/2024\/01\/ODS-Rueda-con-Nombres.png\" alt=\"\" title=\"ODS-Rueda-con-Nombres\"><\/div><\/div><\/div><\/div><div class=\"rowItem col-md-6 col-sm-12 btTextLeft\"  data-width=\"6\"><div class=\"rowItemContent\" ><header class=\"header btClear large\" ><div class=\"dash\"><h2><span class=\"headline\"><b class=\"animate\">SOSTENIBILIDAD<\/b><\/span><\/h2><\/div><\/header><header class=\"header btClear extrasmall\" ><div class=\"dash\"><h4><span class=\"headline\">En Arroz Blanquita somos compromiso de sostenibilidad.\r<br>\r<br>Con la investigaci\u00f3n, desarrollo e implementaci\u00f3n del Biochar, seguimos avanzando para alcanzar <b class=\"animate\"> los Objetivos de Desarrollo Sostenible ODS.<\/b>\r<br><\/span><\/h4><\/div><\/header><div class=\"btClear btSeparator topSmallSpaced noBorder\" ><hr><\/div><div class=\"btTabs tabsVertical\"><ul class=\"tabsHeader\"><li><span>2. Hambre cero<\/span><\/li><li><span>9. Innovaci\u00f3n<\/span><\/li><li><span>11. Ciudades y comunidades sostenibles<\/span><\/li><li><span>12. Producci\u00f3n y consumo responsable<\/span><\/li><li><span>13. Acci\u00f3n por el agua<\/span><\/li><li><span>15. Vida de ecosistemas terrestres<\/span><\/li><\/ul><div class=\"tabPanes accordionPanes\"><div class=\"tabPane\">\r\n\t\t\t<div class=\"tabAccordionTitle\"><span>2. Hambre cero<\/span><\/div>\r\n\t\t\t<div class=\"tabAccordionContent\"><div class=\"btText\" ><p><em>El arroz es el alimento m\u00e1s consumido y al aumentar la producci\u00f3n en una tonelada por hect\u00e1rea, <strong>buscamos que m\u00e1s personas puedan alimentarse bien con energ\u00eda saludable.<\/strong><\/em><\/p>\n<\/div><\/div>\r\n\t\t<\/div><div class=\"tabPane\">\r\n\t\t\t<div class=\"tabAccordionTitle\"><span>9. Innovaci\u00f3n<\/span><\/div>\r\n\t\t\t<div class=\"tabAccordionContent\"><div class=\"btText\" ><p><strong><em>El BIOCHAR es econom\u00eda circular.<\/em><\/strong><\/p>\n<ul>\n<li><em>A partir de la investigaci\u00f3n, convertimos un residuo del proceso del arroz en materia prima para generar el calor con el que secamos el arroz, <strong>con lo cual hacemos uso eficiente de los recursos.<\/strong><\/em><\/li>\n<li><em>El <strong>Biochar es innovaci\u00f3n<\/strong> para dar soluciones a las necesidades de producci\u00f3n y protecci\u00f3n de nuestra vida en el planeta al capturar carbono.<\/em><\/li>\n<\/ul>\n<\/div><\/div>\r\n\t\t<\/div><div class=\"tabPane\">\r\n\t\t\t<div class=\"tabAccordionTitle\"><span>11. Ciudades y comunidades sostenibles<\/span><\/div>\r\n\t\t\t<div class=\"tabAccordionContent\"><div class=\"btText\" ><ul>\n<li><em>En <strong>Arroz Blanquita<\/strong> promovemos el uso consciente y sostenible del agua en la producci\u00f3n de arroz, minimizando el consumo en nuestras operaciones, educando a la comunidad sobre su conservaci\u00f3n y uso responsable.<\/em><\/li>\n<li><em><strong>El Biochar hace que el campo sea m\u00e1s productivo<\/strong>, por lo que el campesino encuentra m\u00e1s razones para quedarse en su tierra, evitando la r\u00e1pida urbanizaci\u00f3n y haciendo que las zonas urbanas y rurales accedan al alimento y sean comunidades sostenibles.<\/em><\/li>\n<\/ul>\n<\/div><\/div>\r\n\t\t<\/div><div class=\"tabPane\">\r\n\t\t\t<div class=\"tabAccordionTitle\"><span>12. Producci\u00f3n y consumo responsable<\/span><\/div>\r\n\t\t\t<div class=\"tabAccordionContent\"><div class=\"btText\" ><p><strong><em>Con el Biochar hacemos m\u00e1s y mejor con menos:<\/em><\/strong><\/p>\n<ul>\n<li><em>Aprovechamos un residuo para generar energ\u00eda.<\/em><\/li>\n<li><em>Creamos un regenerador de suelo que mejora nuestros ecosistemas.<\/em><\/li>\n<li><em>Generamos progreso econ\u00f3mico y social para nuestros agricultores, al aumentar las producciones de<\/em><br \/>\n<em>sus cultivos.<\/em><\/li>\n<li><em>Es consumo responsable que minimiza el uso de abonos de s\u00edntesis qu\u00edmica. <\/em><em>El Biochar captura carbono, lo que hace m\u00e1s viable nuestro desarrollo futuro.<\/em><\/li>\n<\/ul>\n<\/div><\/div>\r\n\t\t<\/div><div class=\"tabPane\">\r\n\t\t\t<div class=\"tabAccordionTitle\"><span>13. Acci\u00f3n por el agua<\/span><\/div>\r\n\t\t\t<div class=\"tabAccordionContent\"><div class=\"btText\" ><ul>\n<li><em>En Arroz Blanquita cada d\u00eda avanzamos para hacer uso eficiente del agua.<\/em><\/li>\n<li><em>El Biochar por su estructura molecular<strong> retiene 3 veces su peso en agua<\/strong>.<\/em><\/li>\n<li><i>Con el desarrollo del Biochar abordamos la resiliencia clim\u00e1tica con el fin de salvar vidas y medios de subsistencia.<\/i><\/li>\n<\/ul>\n<\/div><div class=\"btClear btSeparator bottomExtraSmallSpaced noBorder\" ><hr><\/div><div class=\"bpgPhoto \" ><div class = \"btImage\"><img decoding=\"async\" src=\"https:\/\/www.blanquita.com.co\/blanquita\/wp-content\/uploads\/2024\/01\/premio-ecologia-planeta-azul.png\" alt=\"\" title=\"premio-ecologia-planeta-azul\"><\/div><\/div><div class=\"btClear btSeparator bottomExtraSmallSpaced noBorder\" ><hr><\/div><\/div>\r\n\t\t<\/div><div class=\"tabPane\">\r\n\t\t\t<div class=\"tabAccordionTitle\"><span>15. Vida de ecosistemas terrestres<\/span><\/div>\r\n\t\t\t<div class=\"tabAccordionContent\"><div class=\"btText\" ><ul>\n<li><em>La ONU ha declarado la d\u00e9cada 2021 \u2013 2030 como el periodo para la restauraci\u00f3n de los ecosistemas.<\/em><\/li>\n<li><em><strong>Ese es nuestro compromiso en Arroz Blanquita<\/strong> y una de esas acciones es el desarrollo e implementaci\u00f3n del Biochar:<\/em><\/li>\n<li><em>Un activo vivo que mejora la capacidad de retenci\u00f3n de nutrientes del suelo.<\/em><\/li>\n<li><em>Una acci\u00f3n directa contra la desertificaci\u00f3n y la p\u00e9rdida de biodiversidad, que contribuye a tener un planeta m\u00e1s sano.<\/em><\/li>\n<li><em>Su estructura porosa promueve el crecimiento de microorganismos, la esencia de la regeneraci\u00f3n del suelo\u00a0<\/em><\/li>\n<\/ul>\n<div><\/div>\n<\/div><\/div>\r\n\t\t<\/div><\/div><\/div><\/div><\/div><\/div><\/div><\/div><\/div><\/div><\/section><section id=\"bt_section69fb3ffd7436a\"  class=\"boldSection topSemiSpaced gutter inherit\" ><div class=\"port\"><div class=\"boldCell\"><div class=\"boldCellInner\"><div class=\"boldRow \" ><div class=\"boldRowInner\"><div class=\"rowItem col-md-6 col-sm-12 btTextLeft\"  data-width=\"6\"><div class=\"rowItemContent\" ><header class=\"header btClear medium\" ><div class=\"dash\"><h3><span class=\"headline\"><b class=\"animate\">PRODUCTIVIDAD<\/b><\/span><\/h3><\/div><div class=\"btSubTitle\">Durante un ciclo de cultivo, evaluamos el comportamiento del cultivo del arroz con la aplicaci\u00f3n de Biochar. Realizamos 5 pruebas en lotes homog\u00e9neos en tipo de suelo, topograf\u00eda, disponibilidad de agua y radiaci\u00f3n solar.\r<br><\/div><\/header><div class=\"btClear btSeparator topSmallSpaced noBorder\" ><hr><\/div><header class=\"header btClear small\" ><div class=\"dash\"><h4><span class=\"headline\">Estudios realizados en cultivo de arroz<\/span><\/h4><\/div><\/header><div class=\"btClear btSeparator topExtraSmallSpaced noBorder\" ><hr><\/div><div class=\"bpgPhoto \" ><div class = \"btImage\"><img decoding=\"async\" src=\"https:\/\/www.blanquita.com.co\/blanquita\/wp-content\/uploads\/2023\/09\/imagen-estudios-arroz.png\" alt=\"\" title=\"imagen-estudios-arroz\"><\/div><\/div><div class=\"btClear btSeparator topSmallSpaced noBorder\" ><hr><\/div><\/div><\/div><div class=\"rowItem col-md-6 col-sm-12 btTextLeft\"  data-width=\"6\"><div class=\"rowItemContent\" ><div class=\"bpgPhoto \" ><div class = \"btImage\"><img decoding=\"async\" src=\"https:\/\/www.blanquita.com.co\/blanquita\/wp-content\/uploads\/2023\/09\/Productividad-biochar.png\" alt=\"\" title=\"Productividad-biochar\"><\/div><\/div><\/div><\/div><\/div><\/div><div class=\"boldRow \" ><div class=\"boldRowInner\"><div class=\"rowItem col-md-12 col-ms-12  btTextCenter inherit\"  data-width=\"12\"><div class=\"rowItemContent\" ><div class=\"btClear btSeparator topSmallSpaced noBorder\" ><hr><\/div><header class=\"header btClear extralarge\" ><div class=\"dash\"><h1><span class=\"headline\"><b class=\"animate\">Los resultados<\/b><\/span><\/h1><\/div><\/header><div class=\"btClear btSeparator topSmallSpaced noBorder\" ><hr><\/div><div class=\"boldRow \" ><div class=\"boldRowInner\"><div class=\"rowItem rowInnerItem col-sm-6  btTextLeft inherit btDoublePadding\"  ><div class=\"rowItemContent\"><div class=\"btText\" ><ul>\n<li>\n<h5>Crecimiento uniforme<\/h5>\n<\/li>\n<li>\n<h5>Hojas color verde m\u00e1s intenso<\/h5>\n<\/li>\n<li>\n<h5>Plantas m\u00e1s vigorosas y m\u00e1s resistentes al volcamiento<\/h5>\n<\/li>\n<li>\n<h5>Mayor resistencia a plagas y enfermedades<\/h5>\n<\/li>\n<\/ul>\n<\/div><\/div><\/div><div class=\"rowItem rowInnerItem col-sm-6  btTextLeft inherit btDoublePadding\"  ><div class=\"rowItemContent\"><div class=\"btText\" ><ul>\n<li>\n<h5>Tallos m\u00e1s largos y gruesos<\/h5>\n<\/li>\n<li>\n<h5>M\u00e1s espigas por planta<\/h5>\n<\/li>\n<li>\n<h5>M\u00e1s granos efectivos por espiga.<\/h5>\n<\/li>\n<\/ul>\n<\/div><\/div><\/div><\/div><\/div><div class=\"btClear btSeparator topSemiSpaced noBorder\" ><hr><\/div><div class=\"bpgPhoto \" ><div class = \"btImage\"><img decoding=\"async\" src=\"https:\/\/www.blanquita.com.co\/blanquita\/wp-content\/uploads\/2024\/01\/desarrollo-raices.png\" alt=\"\" title=\"desarrollo-raices\"><\/div><\/div><div class=\"btClear btSeparator topSmallSpaced noBorder\" ><hr><\/div><\/div><\/div><\/div><\/div><\/div><\/div><\/div><\/section><section id=\"bt_section69fb3ffd74b15\"  class=\"boldSection topSemiSpaced bottomSpaced gutter inherit\" ><div class=\"port\"><div class=\"boldCell\"><div class=\"boldCellInner\"><div class=\"boldRow \" ><div class=\"boldRowInner\"><div class=\"rowItem col-md-3 col-sm-6 col-ms-12 btTextLeft\"  data-width=\"3\"><div class=\"rowItemContent\" ><\/div><\/div><div class=\"rowItem col-md-6 col-sm-12 btTextLeft\"  data-width=\"6\"><div class=\"rowItemContent\" ><div class=\"btClear btSeparator topSemiSpaced noBorder\" ><hr><\/div><div class=\"bpgPhoto \" ><div class = \"btImage\"><img decoding=\"async\" src=\"https:\/\/www.blanquita.com.co\/blanquita\/wp-content\/uploads\/2024\/01\/Suelo-mas-productivo.png\" alt=\"\" title=\"Suelo-mas-productivo\"><\/div><\/div><\/div><\/div><div class=\"rowItem col-md-3 col-sm-6 col-ms-12 btTextLeft\"  data-width=\"3\"><div class=\"rowItemContent\" ><\/div><\/div><\/div><\/div><div class=\"boldRow \" ><div class=\"boldRowInner\"><div class=\"rowItem col-md-12 col-ms-12  btTextCenter inherit\"  data-width=\"12\"><div class=\"rowItemContent\" ><div class=\"btClear btSeparator topSemiSpaced noBorder\" ><hr><\/div><header class=\"header btClear extralarge\" ><div class=\"dash\"><h1><span class=\"headline\"><b class=\"animate\">1 tonelada de arroz por hect\u00e1rea.<\/b><\/span><\/h1><\/div><div class=\"btSubTitle\">Gracias a estos resultados, hoy nuestros arroceros incorporan\r<br>dos bultos de Biochar por hect\u00e1rea a sus cultivos.<\/div><\/header><div class=\"btClear btSeparator topLargeSpaced noBorder\" ><hr><\/div><\/div><\/div><\/div><\/div><div class=\"boldRow \" ><div class=\"boldRowInner\"><div class=\"rowItem col-md-12 col-ms-12  btTextCenter inherit\"  data-width=\"12\"><div class=\"rowItemContent\" ><header class=\"header btClear extralarge\" ><div class=\"dash\"><h1><span class=\"headline\"><b class=\"animate\">Biochar Regenerador de suelos<\/b><\/span><\/h1><\/div><div class=\"btSubTitle\">Gracias a estos resultados, hoy nuestros arroceros incorporan\r<br>dos bultos de Biochar por hect\u00e1rea a sus cultivos.<\/div><\/header><div class=\"btClear btSeparator topSemiSpaced noBorder\" ><hr><\/div><div class=\"bpgPhoto \" > \r\n\t\t\t\t\t<a href=\"https:\/\/youtu.be\/5rRjV99CQmo\" target=\"_self\" title=\"Biochar-regenerador-suelos-video\"><\/a>\r\n\t\t\t\t\t<div class=\"boldPhotoBox\"><div class=\"bpbItem\"><div class = \"btImage\"><img decoding=\"async\" src=\"https:\/\/www.blanquita.com.co\/blanquita\/wp-content\/uploads\/2024\/01\/Biochar-regenerador-suelos-video.png\" alt=\"\" title=\"Biochar-regenerador-suelos-video\"><\/div><\/div><\/div>\r\n\t\t\t\t\t<div class=\"captionPane btDarkSkin btTextCenter\">\r\n\t\t\t\t\t\t<div class=\"captionTable\">\r\n\t\t\t\t\t\t\t<div class=\"captionCell\">\r\n\t\t\t\t\t\t\t\t<div class=\"captionTxt\"><header class=\"header btClear extrasmall\" ><div class=\"dash\"><h4><span class=\"headline\">Biochar-regenerador-suelos-video<\/span><\/h4><\/div><\/header><\/div>\r\n\t\t\t\t\t\t\t<\/div>\r\n\t\t\t\t\t\t<\/div>\r\n\t\t\t\t\t<\/div><\/div><div class=\"btClear btSeparator topSemiSpaced noBorder\" ><hr><\/div><\/div><\/div><\/div><\/div><div class=\"boldRow \" ><div class=\"boldRowInner\"><div class=\"rowItem col-md-12 col-ms-12  btTextCenter inherit\"  data-width=\"12\"><div class=\"rowItemContent\" ><div class=\"btClear btSeparator topSemiSpaced noBorder\" ><hr><\/div><div class=\"btClear btSeparator topSemiSpaced noBorder\" ><hr><\/div><header class=\"header btClear extralarge\" ><div class=\"dash\"><h1><span class=\"headline\"><b class=\"animate\">En Arroz Blanquita, nuestro compromiso\r<br>es seguir construyendo un mundo mejor<\/b><\/span><\/h1><\/div><div class=\"btSubTitle\">Desde 1.990 investigamos y cambiamos patrones de comportamiento. Hoy somos el arroz amigo de las aves,\r<br>ofrecemos el primer arroz org\u00e1nico certificado de Latinoam\u00e9rica, e implementamos pr\u00e1cticas agr\u00edcolas sostenibles.<\/div><\/header><header class=\"header btClear extrasmall\" ><div class=\"dash\"><h4><span class=\"headline\"><b class=\"animate\">Un trabajo que se refleja en importantes certificaciones de sostenibilidad ambiental y social.\r<br><\/b><\/span><\/h4><\/div><\/header><div class=\"bpgPhoto \" ><div class = \"btImage\"><img decoding=\"async\" src=\"https:\/\/www.blanquita.com.co\/blanquita\/wp-content\/uploads\/2025\/12\/certificados-biochar-SIN-LOGO.png\" alt=\"\" title=\"certificados-biochar SIN LOGO\"><\/div><\/div><div class=\"btClear btSeparator topSemiSpaced noBorder\" ><hr><\/div><\/div><\/div><\/div><\/div><div class=\"boldRow \" ><div class=\"boldRowInner\"><div class=\"rowItem col-md-3 col-sm-6 col-ms-12 btTextLeft\"  data-width=\"3\"><div class=\"rowItemContent\" ><\/div><\/div><div class=\"rowItem col-md-6 col-sm-12 btTextCenter inherit\"  data-width=\"6\"><div class=\"rowItemContent\" ><header class=\"header btClear extralarge\" ><div class=\"dash\"><h1><span class=\"headline\"><b class=\"animate\">OTROS USOS<\/b><\/span><\/h1><\/div><div class=\"btSubTitle\">M\u00faltiples usos para hogar y producci\u00f3n agroindustrial<\/div><\/header><div class=\"btClear btSeparator topSmallSpaced noBorder\" ><hr><\/div><\/div><\/div><div class=\"rowItem col-md-3 col-sm-6 col-ms-12 btTextLeft\"  data-width=\"3\"><div class=\"rowItemContent\" ><\/div><\/div><\/div><\/div><div class=\"boldRow \" ><div class=\"boldRowInner\"><div class=\"rowItem col-md-6 col-sm-12 btTextLeft animate animate-fadein animate-movedown inherit\"  data-width=\"6\"><div class=\"rowItemContent\" ><div class=\"bpgPhoto \" ><div class = \"btImage\"><img decoding=\"async\" src=\"https:\/\/www.blanquita.com.co\/blanquita\/wp-content\/uploads\/2024\/01\/arena-para-gatos.png\" alt=\"\" title=\"arena-para-gatos\"><\/div><\/div><div class=\"btClear btSeparator topSmallSpaced noBorder\" ><hr><\/div><div class=\"btClear btSeparator topSmallSpaced noBorder\" ><hr><\/div><\/div><\/div><div class=\"rowItem col-md-6 col-sm-12 btTextLeft animate animate-fadein animate-movedown inherit\"  data-width=\"6\"><div class=\"rowItemContent\" ><div class=\"bpgPhoto \" ><div class = \"btImage\"><img decoding=\"async\" src=\"https:\/\/www.blanquita.com.co\/blanquita\/wp-content\/uploads\/2024\/01\/biochar-jardines.png\" alt=\"\" title=\"biochar-jardines\"><\/div><\/div><div class=\"btClear btSeparator topSmallSpaced noBorder\" ><hr><\/div><\/div><\/div><\/div><\/div><div class=\"boldRow \" ><div class=\"boldRowInner\"><div class=\"rowItem col-md-12 col-ms-12  btTextCenter inherit\"  data-width=\"12\"><div class=\"rowItemContent\" ><div class=\"bpgPhoto \" ><div class = \"btImage\"><img decoding=\"async\" src=\"https:\/\/www.blanquita.com.co\/blanquita\/wp-content\/uploads\/2024\/01\/cultivos-caseros.png\" alt=\"\" title=\"cultivos-caseros\"><\/div><\/div><\/div><\/div><\/div><\/div><\/div><\/div><\/div><\/section><section id=\"bt_section69fb3ffd755d5\"  class=\"boldSection gutter\" ><div class=\"port\"><div class=\"boldCell\"><div class=\"boldCellInner\"><div class=\"boldRow \" ><div class=\"boldRowInner\"><div class=\"rowItem col-md-3 col-sm-6 col-ms-12 btTextLeft\"  data-width=\"3\"><div class=\"rowItemContent\" ><\/div><\/div><div class=\"rowItem col-md-6 col-sm-12 btTextCenter inherit\"  data-width=\"6\"><div class=\"rowItemContent\" ><header class=\"header btClear large\" ><div class=\"dash\"><h2><span class=\"headline\"><b class=\"animate\">Uso agropecuario<\/b><\/span><\/h2><\/div><\/header><div class=\"btClear btSeparator topSmallSpaced noBorder\" ><hr><\/div><div class=\"bpgPhoto \" > \r\n\t\t\t\t\t<a href=\"https:\/\/youtu.be\/PI55HL_Ma0Y\" target=\"_self\" title=\"biocarbon-multiple-usos-video\"><\/a>\r\n\t\t\t\t\t<div class=\"boldPhotoBox\"><div class=\"bpbItem\"><div class = \"btImage\"><img decoding=\"async\" src=\"https:\/\/www.blanquita.com.co\/blanquita\/wp-content\/uploads\/2024\/01\/biocarbon-multiple-usos-video.png\" alt=\"\" title=\"biocarbon-multiple-usos-video\"><\/div><\/div><\/div>\r\n\t\t\t\t\t<div class=\"captionPane btDarkSkin btTextCenter\">\r\n\t\t\t\t\t\t<div class=\"captionTable\">\r\n\t\t\t\t\t\t\t<div class=\"captionCell\">\r\n\t\t\t\t\t\t\t\t<div class=\"captionTxt\"><header class=\"header btClear extrasmall\" ><div class=\"dash\"><h4><span class=\"headline\">biocarbon-multiple-usos-video<\/span><\/h4><\/div><\/header><\/div>\r\n\t\t\t\t\t\t\t<\/div>\r\n\t\t\t\t\t\t<\/div>\r\n\t\t\t\t\t<\/div><\/div><div class=\"btClear btSeparator topSpaced noBorder\" ><hr><\/div><\/div><\/div><div class=\"rowItem col-md-3 col-sm-6 col-ms-12 btTextLeft\"  data-width=\"3\"><div class=\"rowItemContent\" ><\/div><\/div><\/div><\/div><\/div><\/div><\/div><\/section>","protected":false},"excerpt":{"rendered":"","protected":false},"author":2,"featured_media":0,"parent":0,"menu_order":0,"comment_status":"closed","ping_status":"closed","template":"","meta":{"footnotes":""},"class_list":["post-3886","page","type-page","status-publish","hentry"],"_links":{"self":[{"href":"https:\/\/www.blanquita.com.co\/blanquita\/wp-json\/wp\/v2\/pages\/3886","targetHints":{"allow":["GET"]}}],"collection":[{"href":"https:\/\/www.blanquita.com.co\/blanquita\/wp-json\/wp\/v2\/pages"}],"about":[{"href":"https:\/\/www.blanquita.com.co\/blanquita\/wp-json\/wp\/v2\/types\/page"}],"author":[{"embeddable":true,"href":"https:\/\/www.blanquita.com.co\/blanquita\/wp-json\/wp\/v2\/users\/2"}],"replies":[{"embeddable":true,"href":"https:\/\/www.blanquita.com.co\/blanquita\/wp-json\/wp\/v2\/comments?post=3886"}],"version-history":[{"count":15,"href":"https:\/\/www.blanquita.com.co\/blanquita\/wp-json\/wp\/v2\/pages\/3886\/revisions"}],"predecessor-version":[{"id":4016,"href":"https:\/\/www.blanquita.com.co\/blanquita\/wp-json\/wp\/v2\/pages\/3886\/revisions\/4016"}],"wp:attachment":[{"href":"https:\/\/www.blanquita.com.co\/blanquita\/wp-json\/wp\/v2\/media?parent=3886"}],"curies":[{"name":"wp","href":"https:\/\/api.w.org\/{rel}","templated":true}]}}