{"id":3013,"date":"2023-05-30T12:44:22","date_gmt":"2023-05-30T12:44:22","guid":{"rendered":"https:\/\/www.blanquita.com.co\/blanquita\/?post_type=product&#038;p=3013"},"modified":"2024-08-20T01:20:10","modified_gmt":"2024-08-20T01:20:10","slug":"arroz-clasico","status":"publish","type":"product","link":"https:\/\/www.blanquita.com.co\/blanquita\/product\/arroz-clasico\/","title":{"rendered":"ARROZ CL\u00c1SICO"},"content":{"rendered":"<div class=\"elementor-element elementor-element-28393f12 elementor-widget elementor-widget-heading\" data-id=\"28393f12\" data-element_type=\"widget\" data-widget_type=\"heading.default\">\n<div class=\"elementor-widget-container\">\n<h2 class=\"elementor-heading-title elementor-size-default\">100% natural<\/h2>\n<\/div>\n<\/div>\n<div class=\"elementor-element elementor-element-2dfeb525 elementor-widget elementor-widget-heading\" data-id=\"2dfeb525\" data-element_type=\"widget\" data-widget_type=\"heading.default\">\n<div class=\"elementor-widget-container\">\n<h2 class=\"elementor-heading-title elementor-size-default\">Largo tipo 1<\/h2>\n<\/div>\n<\/div>\n<div class=\"elementor-element elementor-element-22a5cfb4 elementor-widget elementor-widget-text-editor\" data-id=\"22a5cfb4\" data-element_type=\"widget\" data-widget_type=\"text-editor.default\">\n<div class=\"elementor-widget-container\">\n<div class=\"elementor-text-editor elementor-clearfix\">\n<p>Es un arroz limpio, de grano largo tipo 1, abre perfectamente, libre de gluten, sin colesterol, antialerg\u00e9nico y totalmente puro.<\/p>\n<\/div>\n<\/div>\n<\/div>\n","protected":false},"excerpt":{"rendered":"<p>Nuestro Arroz Blanquita Cl\u00e1sico proviene de las tierras m\u00e1s f\u00e9rtiles del pa\u00eds, con procesos de cultivo desarrollados de manera amigable con el medio ambiente, sin herbicidas o fungicidas que nos permite obtener un arroz 100% natural con frescura y sabor garantizados.<\/p>\n","protected":false},"featured_media":3077,"comment_status":"open","ping_status":"closed","template":"","meta":[],"product_brand":[],"product_cat":[46],"product_tag":[],"class_list":{"0":"post-3013","1":"product","2":"type-product","3":"status-publish","4":"has-post-thumbnail","6":"product_cat-tradicionales","8":"first","9":"instock","10":"shipping-taxable","11":"purchasable","12":"product-type-variable","13":"has-default-attributes"},"_links":{"self":[{"href":"https:\/\/www.blanquita.com.co\/blanquita\/wp-json\/wp\/v2\/product\/3013","targetHints":{"allow":["GET"]}}],"collection":[{"href":"https:\/\/www.blanquita.com.co\/blanquita\/wp-json\/wp\/v2\/product"}],"about":[{"href":"https:\/\/www.blanquita.com.co\/blanquita\/wp-json\/wp\/v2\/types\/product"}],"replies":[{"embeddable":true,"href":"https:\/\/www.blanquita.com.co\/blanquita\/wp-json\/wp\/v2\/comments?post=3013"}],"wp:featuredmedia":[{"embeddable":true,"href":"https:\/\/www.blanquita.com.co\/blanquita\/wp-json\/wp\/v2\/media\/3077"}],"wp:attachment":[{"href":"https:\/\/www.blanquita.com.co\/blanquita\/wp-json\/wp\/v2\/media?parent=3013"}],"wp:term":[{"taxonomy":"product_brand","embeddable":true,"href":"https:\/\/www.blanquita.com.co\/blanquita\/wp-json\/wp\/v2\/product_brand?post=3013"},{"taxonomy":"product_cat","embeddable":true,"href":"https:\/\/www.blanquita.com.co\/blanquita\/wp-json\/wp\/v2\/product_cat?post=3013"},{"taxonomy":"product_tag","embeddable":true,"href":"https:\/\/www.blanquita.com.co\/blanquita\/wp-json\/wp\/v2\/product_tag?post=3013"}],"curies":[{"name":"wp","href":"https:\/\/api.w.org\/{rel}","templated":true}]}}