{"id":3078,"date":"2023-06-05T15:30:37","date_gmt":"2023-06-05T15:30:37","guid":{"rendered":"https:\/\/www.blanquita.com.co\/blanquita\/?post_type=product&#038;p=3078"},"modified":"2023-06-05T15:30:38","modified_gmt":"2023-06-05T15:30:38","slug":"arroz-integral","status":"publish","type":"product","link":"https:\/\/www.blanquita.com.co\/blanquita\/product\/arroz-integral\/","title":{"rendered":"Arroz Integral"},"content":{"rendered":"<div class=\"elementor-element elementor-element-693e4c47 elementor-widget elementor-widget-heading\" data-id=\"693e4c47\" data-element_type=\"widget\" data-widget_type=\"heading.default\">\n<div class=\"elementor-widget-container\">\n<h3 class=\"elementor-heading-title elementor-size-default\">Vitaminas B12, Fibra natural y Gamma Oryzanol<\/h3>\n<\/div>\n<\/div>\n<div class=\"elementor-element elementor-element-550e3fde elementor-widget elementor-widget-text-editor\" data-id=\"550e3fde\" data-element_type=\"widget\" data-widget_type=\"text-editor.default\">\n<div class=\"elementor-widget-container\">\n<div class=\"elementor-text-editor elementor-clearfix\">\n<p>&nbsp;<\/p>\n<\/div>\n<\/div>\n<\/div>\n","protected":false},"excerpt":{"rendered":"<p>Arroz Blanquita Integral es procesado bajo los est\u00e1ndares m\u00e1s estrictos, donde se pule su c\u00e1scara dejando \u00fanicamente sus propiedades antioxidantes, vitaminas B12, fibra natural y Gamma Oryzanol.<br \/>\nGanamos en la feria de nutricionistas como el arroz m\u00e1s recomendado por su valor nutricional, calidad y textura, pero sobre todo porque es libre de qu\u00edmicos.<\/p>\n","protected":false},"featured_media":3079,"comment_status":"open","ping_status":"closed","template":"","meta":[],"product_brand":[],"product_cat":[48],"product_tag":[],"class_list":{"0":"post-3078","1":"product","2":"type-product","3":"status-publish","4":"has-post-thumbnail","6":"product_cat-especiales","8":"first","9":"instock","10":"shipping-taxable","11":"purchasable","12":"product-type-simple"},"_links":{"self":[{"href":"https:\/\/www.blanquita.com.co\/blanquita\/wp-json\/wp\/v2\/product\/3078","targetHints":{"allow":["GET"]}}],"collection":[{"href":"https:\/\/www.blanquita.com.co\/blanquita\/wp-json\/wp\/v2\/product"}],"about":[{"href":"https:\/\/www.blanquita.com.co\/blanquita\/wp-json\/wp\/v2\/types\/product"}],"replies":[{"embeddable":true,"href":"https:\/\/www.blanquita.com.co\/blanquita\/wp-json\/wp\/v2\/comments?post=3078"}],"wp:featuredmedia":[{"embeddable":true,"href":"https:\/\/www.blanquita.com.co\/blanquita\/wp-json\/wp\/v2\/media\/3079"}],"wp:attachment":[{"href":"https:\/\/www.blanquita.com.co\/blanquita\/wp-json\/wp\/v2\/media?parent=3078"}],"wp:term":[{"taxonomy":"product_brand","embeddable":true,"href":"https:\/\/www.blanquita.com.co\/blanquita\/wp-json\/wp\/v2\/product_brand?post=3078"},{"taxonomy":"product_cat","embeddable":true,"href":"https:\/\/www.blanquita.com.co\/blanquita\/wp-json\/wp\/v2\/product_cat?post=3078"},{"taxonomy":"product_tag","embeddable":true,"href":"https:\/\/www.blanquita.com.co\/blanquita\/wp-json\/wp\/v2\/product_tag?post=3078"}],"curies":[{"name":"wp","href":"https:\/\/api.w.org\/{rel}","templated":true}]}}